{"id":4871,"date":"2021-05-12T15:07:28","date_gmt":"2021-05-12T13:07:28","guid":{"rendered":"https:\/\/www.groupe-isd.fr\/?page_id=4871"},"modified":"2021-08-18T13:00:36","modified_gmt":"2021-08-18T11:00:36","slug":"impact-concept","status":"publish","type":"page","link":"https:\/\/www.groupe-isd.fr\/fr\/impact-concept\/","title":{"rendered":"Impact Concept"},"content":{"rendered":"<p>[vc_row row_height_percent=\u00a0\u00bb0&Prime; override_padding=\u00a0\u00bbyes\u00a0\u00bb h_padding=\u00a0\u00bb3&Prime; top_padding=\u00a0\u00bb4&Prime; bottom_padding=\u00a0\u00bb4&Prime; back_image=\u00a0\u00bb4875&Prime; back_repeat=\u00a0\u00bbno-repeat\u00a0\u00bb back_position=\u00a0\u00bbcenter center\u00a0\u00bb overlay_color=\u00a0\u00bbcolor-jevc\u00a0\u00bb overlay_alpha=\u00a0\u00bb0&Prime; gutter_size=\u00a0\u00bb3&Prime; column_width_percent=\u00a0\u00bb100&Prime; shift_y=\u00a0\u00bb0&Prime; z_index=\u00a0\u00bb0&Prime; back_size=\u00a0\u00bbcover\u00a0\u00bb row_height_pixel=\u00a0\u00bb400&Prime;][vc_column column_width_percent=\u00a0\u00bb100&Prime; position_vertical=\u00a0\u00bbmiddle\u00a0\u00bb gutter_size=\u00a0\u00bb0&Prime; overlay_alpha=\u00a0\u00bb50&Prime; shift_x=\u00a0\u00bb0&Prime; shift_y=\u00a0\u00bb0&Prime; shift_y_down=\u00a0\u00bb0&Prime; z_index=\u00a0\u00bb0&Prime; medium_width=\u00a0\u00bb0&Prime; mobile_width=\u00a0\u00bb0&Prime; css_animation=\u00a0\u00bbbottom-t-top\u00a0\u00bb animation_speed=\u00a0\u00bb300&Prime; width=\u00a0\u00bb1\/1&Prime;][\/vc_column][\/vc_row][vc_row row_height_percent=\u00a0\u00bb0&Prime; override_padding=\u00a0\u00bbyes\u00a0\u00bb h_padding=\u00a0\u00bb2&Prime; top_padding=\u00a0\u00bb3&Prime; bottom_padding=\u00a0\u00bb3&Prime; overlay_alpha=\u00a0\u00bb50&Prime; gutter_size=\u00a0\u00bb3&Prime; column_width_percent=\u00a0\u00bb100&Prime; shift_y=\u00a0\u00bb0&Prime; z_index=\u00a0\u00bb0&Prime;][vc_column column_width_percent=\u00a0\u00bb75&Prime; align_horizontal=\u00a0\u00bbalign_center\u00a0\u00bb gutter_size=\u00a0\u00bb2&Prime; overlay_alpha=\u00a0\u00bb50&Prime; border_color=\u00a0\u00bbcolor-209865&Prime; border_style=\u00a0\u00bbsolid\u00a0\u00bb shift_x=\u00a0\u00bb0&Prime; shift_y=\u00a0\u00bb0&Prime; shift_y_down=\u00a0\u00bb0&Prime; z_index=\u00a0\u00bb0&Prime; medium_width=\u00a0\u00bb0&Prime; mobile_width=\u00a0\u00bb0&Prime; width=\u00a0\u00bb1\/1&Prime;][vc_single_image media=\u00a0\u00bb5735&Prime; media_width_use_pixel=\u00a0\u00bbyes\u00a0\u00bb alignment=\u00a0\u00bbcenter\u00a0\u00bb media_width_pixel=\u00a0\u00bb519&Prime;][vc_raw_html]JTNDaDElMjBjbGFzcyUzRCUyMm1hcnF1ZS10aXRsZSUyMHRleHQtcm9zZSUyMiUzRUNvbmNldm9pciUyQyUyMGZhYnJpcXVlciUyMGV0JTIwaW5zdGFsbGVyJTIwZGVzJTIwdW5pdmVycyUyMGltbWVyc2lmcyUyMGV0JTIwaW5ub3ZhbnRzJTIwdmlzYW50JTIwJUMzJUEwJTIwY3IlQzMlQTllciUyMHVuJTIwcGFyY291cnMlMjBjbGllbnQlMjBleHAlQzMlQTlyaWVudGllbC4lM0MlMkZoMSUzRQ==[\/vc_raw_html][vc_column_text css=\u00a0\u00bb.vc_custom_1622216581960{padding-bottom: 20px !important;}\u00a0\u00bb]Bas\u00e9 en France, Impact Concept est le sp\u00e9cialiste en mati\u00e8re de signal\u00e9tique dans le groupe. Il accompagne, depuis 2003, ses clients dans la mise en place de tous leurs projets de la prise de brief \u00e0 la pose. Impact Concept propose une offre d\u00e9di\u00e9e pour la GSA, la GSS et les marques.[\/vc_column_text][vc_button button_color=\u00a0\u00bbcolor-209865&Prime; radius=\u00a0\u00bbbtn-circle\u00a0\u00bb border_width=\u00a0\u00bb0&Prime; link=\u00a0\u00bburl:https%3A%2F%2Fwww.groupe-isd.fr%2Ffr%2Fcontact%2F|title:Contact||\u00a0\u00bb]Nous contacter[\/vc_button][\/vc_column][\/vc_row][vc_row row_height_percent=\u00a0\u00bb0&Prime; override_padding=\u00a0\u00bbyes\u00a0\u00bb h_padding=\u00a0\u00bb2&Prime; top_padding=\u00a0\u00bb3&Prime; bottom_padding=\u00a0\u00bb3&Prime; back_color=\u00a0\u00bbcolor-gyho\u00a0\u00bb overlay_alpha=\u00a0\u00bb50&Prime; gutter_size=\u00a0\u00bb3&Prime; column_width_percent=\u00a0\u00bb100&Prime; shift_y=\u00a0\u00bb0&Prime; z_index=\u00a0\u00bb0&Prime;][vc_column column_width_percent=\u00a0\u00bb100&Prime; align_horizontal=\u00a0\u00bbalign_center\u00a0\u00bb gutter_size=\u00a0\u00bb2&Prime; overlay_alpha=\u00a0\u00bb50&Prime; border_color=\u00a0\u00bbcolor-209865&Prime; border_style=\u00a0\u00bbsolid\u00a0\u00bb shift_x=\u00a0\u00bb0&Prime; shift_y=\u00a0\u00bb0&Prime; shift_y_down=\u00a0\u00bb0&Prime; z_index=\u00a0\u00bb0&Prime; medium_width=\u00a0\u00bb0&Prime; mobile_width=\u00a0\u00bb0&Prime; width=\u00a0\u00bb1\/1&Prime;][vc_raw_html]JTNDaDIlM0VOb3MlMjBjaGlmZnJlcyUyMGNsJUMzJUE5cyUzQyUyRmgyJTNF[\/vc_raw_html][vc_raw_html]JTNDZGl2JTIwY2xhc3MlM0QlMjJub3MtY2hpZmZyZXMlMjIlM0UlMEElMjAlMjAlM0NkaXYlMjBjbGFzcyUzRCUyMml0ZW0lMjIlM0UlMEElMjAlMjAlMjAlMjAlM0NwJTNFMTUwMCUzQ3NwYW4lM0VNJTNDc3VwJTNFMiUzQyUyRnN1cCUzRSUzQyUyRnNwYW4lM0UlM0MlMkZwJTNFJTBBJTIwJTIwJTIwJTIwJTNDcCUzRWQlMjdhdGVsaWVyJTIwZGUlMjBmYWJyaWNhdGlvbiUzQyUyRnAlM0UlMEElMjAlMjAlM0MlMkZkaXYlM0UlMEElMjAlMjAlM0NkaXYlMjBjbGFzcyUzRCUyMml0ZW0lMjIlM0UlMEElMjAlMjAlMjAlMjAlM0NwJTNFMzYwJUMyJUIwJTNDJTJGcCUzRSUwQSUyMCUyMCUyMCUyMCUzQ3AlM0VVbiUyMGFjY29tcGFnbmVtZW50JTIwcGVyc29ubmFsaXMlQzMlQTklMjBhdSUyMHBsdXMlMjBwcm9jaGUlMjBkZSUyMG5vcyUyMGNsaWVudHMlM0MlMkZwJTNFJTBBJTIwJTIwJTNDJTJGZGl2JTNFJTBBJTIwJTIwJTNDZGl2JTIwY2xhc3MlM0QlMjJpdGVtJTIwZ3JlZW4lMjIlM0UlMEElMjAlMjAlMjAlMjAlM0NwJTNFMTAwJTNDc3BhbiUzRSUyNSUzQyUyRnNwYW4lM0UlM0NzcGFuJTIwY2xhc3MlM0QlMjJ0ZXh0LXJvdGF0ZSUyMiUzRWNoaWZmcmUlM0NiciUzRWNsJUMzJUE5JTIwcnNlJTNDJTJGc3BhbiUzRSUzQyUyRnAlM0UlMEElMjAlMjAlMjAlMjAlM0NwJTNFZmFicmljYXRpb24lMjBlbiUyMEZyYW5jZSUzQyUyRnAlM0UlMEElMjAlMjAlM0MlMkZkaXYlM0UlMEElM0MlMkZkaXYlM0U=[\/vc_raw_html][\/vc_column][\/vc_row][vc_row unlock_row_content=\u00a0\u00bbyes\u00a0\u00bb row_height_percent=\u00a0\u00bb40&Prime; override_padding=\u00a0\u00bbyes\u00a0\u00bb h_padding=\u00a0\u00bb0&Prime; top_padding=\u00a0\u00bb0&Prime; bottom_padding=\u00a0\u00bb0&Prime; overlay_alpha=\u00a0\u00bb50&Prime; equal_height=\u00a0\u00bbyes\u00a0\u00bb gutter_size=\u00a0\u00bb0&Prime; column_width_percent=\u00a0\u00bb100&Prime; shift_y=\u00a0\u00bb0&Prime; z_index=\u00a0\u00bb0&Prime; el_class=\u00a0\u00bbresponsive-container\u00a0\u00bb][vc_column column_width_percent=\u00a0\u00bb100&Prime; align_horizontal=\u00a0\u00bbalign_center\u00a0\u00bb gutter_size=\u00a0\u00bb2&Prime; overlay_alpha=\u00a0\u00bb50&Prime; border_color=\u00a0\u00bbcolor-209865&Prime; border_style=\u00a0\u00bbsolid\u00a0\u00bb shift_x=\u00a0\u00bb0&Prime; shift_y=\u00a0\u00bb0&Prime; shift_y_down=\u00a0\u00bb0&Prime; z_index=\u00a0\u00bb0&Prime; medium_width=\u00a0\u00bb0&Prime; mobile_width=\u00a0\u00bb0&Prime; width=\u00a0\u00bb1\/2&Prime; el_class=\u00a0\u00bbcol-3-image\u00a0\u00bb][vc_single_image media=\u00a0\u00bb5456&Prime; media_width_percent=\u00a0\u00bb100&Prime;][\/vc_column][vc_column column_width_percent=\u00a0\u00bb100&Prime; align_horizontal=\u00a0\u00bbalign_center\u00a0\u00bb gutter_size=\u00a0\u00bb2&Prime; overlay_alpha=\u00a0\u00bb50&Prime; shift_x=\u00a0\u00bb0&Prime; shift_y=\u00a0\u00bb0&Prime; shift_y_down=\u00a0\u00bb0&Prime; z_index=\u00a0\u00bb0&Prime; medium_visibility=\u00a0\u00bbyes\u00a0\u00bb medium_width=\u00a0\u00bb0&Prime; mobile_visibility=\u00a0\u00bbyes\u00a0\u00bb mobile_width=\u00a0\u00bb0&Prime; width=\u00a0\u00bb1\/2&Prime; el_class=\u00a0\u00bbcol-3-image\u00a0\u00bb][vc_single_image media=\u00a0\u00bb5458&Prime; media_width_percent=\u00a0\u00bb100&Prime;][\/vc_column][\/vc_row][vc_row unlock_row_content=\u00a0\u00bbyes\u00a0\u00bb row_height_percent=\u00a0\u00bb40&Prime; override_padding=\u00a0\u00bbyes\u00a0\u00bb h_padding=\u00a0\u00bb0&Prime; top_padding=\u00a0\u00bb0&Prime; bottom_padding=\u00a0\u00bb0&Prime; overlay_alpha=\u00a0\u00bb50&Prime; equal_height=\u00a0\u00bbyes\u00a0\u00bb gutter_size=\u00a0\u00bb0&Prime; column_width_percent=\u00a0\u00bb100&Prime; shift_y=\u00a0\u00bb0&Prime; z_index=\u00a0\u00bb0&Prime; el_class=\u00a0\u00bbresponsive-container\u00a0\u00bb][vc_column column_width_percent=\u00a0\u00bb100&Prime; align_horizontal=\u00a0\u00bbalign_center\u00a0\u00bb gutter_size=\u00a0\u00bb2&Prime; back_image=\u00a0\u00bb4889&Prime; back_repeat=\u00a0\u00bbno-repeat\u00a0\u00bb back_position=\u00a0\u00bbcenter center\u00a0\u00bb overlay_alpha=\u00a0\u00bb50&Prime; shift_x=\u00a0\u00bb0&Prime; shift_y=\u00a0\u00bb0&Prime; shift_y_down=\u00a0\u00bb0&Prime; z_index=\u00a0\u00bb0&Prime; medium_visibility=\u00a0\u00bbyes\u00a0\u00bb medium_width=\u00a0\u00bb0&Prime; mobile_visibility=\u00a0\u00bbyes\u00a0\u00bb mobile_width=\u00a0\u00bb0&Prime; width=\u00a0\u00bb1\/2&Prime; el_class=\u00a0\u00bbcol-6-image content\u00a0\u00bb][\/vc_column][vc_column column_width_percent=\u00a0\u00bb100&Prime; position_vertical=\u00a0\u00bbmiddle\u00a0\u00bb gutter_size=\u00a0\u00bb2&Prime; override_padding=\u00a0\u00bbyes\u00a0\u00bb column_padding=\u00a0\u00bb2&Prime; overlay_alpha=\u00a0\u00bb50&Prime; border_color=\u00a0\u00bbcolor-209865&Prime; border_style=\u00a0\u00bbsolid\u00a0\u00bb shift_x=\u00a0\u00bb0&Prime; shift_y=\u00a0\u00bb0&Prime; shift_y_down=\u00a0\u00bb0&Prime; z_index=\u00a0\u00bb0&Prime; medium_width=\u00a0\u00bb0&Prime; mobile_width=\u00a0\u00bb0&Prime; width=\u00a0\u00bb1\/2&Prime;][vc_raw_html]JTNDaDIlMjBjbGFzcyUzRCUyMnRleHQtcm9zZSUyMiUzRU5vdHJlJTIwZXhwZXJ0aXNlJTNDJTJGaDIlM0U=[\/vc_raw_html][vc_column_text]Nos \u00e9quipes \u00e9laborent des projets de signal\u00e9tique et de th\u00e9\u00e2tralisation personnalis\u00e9s ambitieux et originaux en ligne avec les diff\u00e9rentes contraintes techniques exig\u00e9es selon le r\u00e9seau de vente. Elles mettent tout leur savoir-faire au service de vos projets.<\/p>\n<p>\u2022 Impression<br \/>\n\u2022 D\u00e9coupe<br \/>\n\u2022 Contre-collage<br \/>\n\u2022 Fa\u00e7onnage<br \/>\n\u2022 Pliage \u00e0 chaud\/ froid<br \/>\n\u2022 Montage[\/vc_column_text][vc_raw_html]JTNDcCUyMGNsYXNzJTNEJTIyZGwtdGV4dCUyMiUzRVBvdXIlMjBlbiUyMHNhdm9pciUyMHBsdXMlMkMlMjBjb25zdWx0ZXolMjBub3RyZSUyMHBsYXF1ZXR0ZSUzQyUyRnAlM0U=[\/vc_raw_html][vc_button button_color=\u00a0\u00bbcolor-209865&Prime; radius=\u00a0\u00bbbtn-circle\u00a0\u00bb border_width=\u00a0\u00bb0&Prime; el_class=\u00a0\u00bbdownload-file impact\u00a0\u00bb]T\u00e9l\u00e9charger[\/vc_button][\/vc_column][\/vc_row][vc_row unlock_row_content=\u00a0\u00bbyes\u00a0\u00bb row_height_percent=\u00a0\u00bb40&Prime; override_padding=\u00a0\u00bbyes\u00a0\u00bb h_padding=\u00a0\u00bb0&Prime; top_padding=\u00a0\u00bb0&Prime; bottom_padding=\u00a0\u00bb0&Prime; overlay_alpha=\u00a0\u00bb50&Prime; equal_height=\u00a0\u00bbyes\u00a0\u00bb gutter_size=\u00a0\u00bb0&Prime; column_width_percent=\u00a0\u00bb100&Prime; shift_y=\u00a0\u00bb0&Prime; z_index=\u00a0\u00bb0&Prime; desktop_visibility=\u00a0\u00bbyes\u00a0\u00bb el_class=\u00a0\u00bbresponsive-container\u00a0\u00bb][vc_column column_width_percent=\u00a0\u00bb100&Prime; align_horizontal=\u00a0\u00bbalign_center\u00a0\u00bb gutter_size=\u00a0\u00bb2&Prime; overlay_alpha=\u00a0\u00bb50&Prime; border_color=\u00a0\u00bbcolor-209865&Prime; border_style=\u00a0\u00bbsolid\u00a0\u00bb shift_x=\u00a0\u00bb0&Prime; shift_y=\u00a0\u00bb0&Prime; shift_y_down=\u00a0\u00bb0&Prime; z_index=\u00a0\u00bb0&Prime; medium_visibility=\u00a0\u00bbyes\u00a0\u00bb medium_width=\u00a0\u00bb0&Prime; mobile_visibility=\u00a0\u00bbyes\u00a0\u00bb mobile_width=\u00a0\u00bb0&Prime; width=\u00a0\u00bb1\/2&Prime; el_class=\u00a0\u00bbcol-3-image\u00a0\u00bb][vc_single_image media=\u00a0\u00bb5456&Prime; media_width_percent=\u00a0\u00bb100&Prime;][\/vc_column][vc_column column_width_percent=\u00a0\u00bb100&Prime; align_horizontal=\u00a0\u00bbalign_center\u00a0\u00bb gutter_size=\u00a0\u00bb2&Prime; overlay_alpha=\u00a0\u00bb50&Prime; shift_x=\u00a0\u00bb0&Prime; shift_y=\u00a0\u00bb0&Prime; shift_y_down=\u00a0\u00bb0&Prime; z_index=\u00a0\u00bb0&Prime; medium_width=\u00a0\u00bb0&Prime; mobile_width=\u00a0\u00bb0&Prime; width=\u00a0\u00bb1\/2&Prime; el_class=\u00a0\u00bbcol-3-image\u00a0\u00bb][vc_single_image media=\u00a0\u00bb5458&Prime; media_width_percent=\u00a0\u00bb100&Prime;][\/vc_column][\/vc_row][vc_row row_height_percent=\u00a0\u00bb0&Prime; override_padding=\u00a0\u00bbyes\u00a0\u00bb h_padding=\u00a0\u00bb2&Prime; top_padding=\u00a0\u00bb3&Prime; bottom_padding=\u00a0\u00bb3&Prime; back_color=\u00a0\u00bbcolor-106420&Prime; overlay_alpha=\u00a0\u00bb50&Prime; gutter_size=\u00a0\u00bb3&Prime; column_width_percent=\u00a0\u00bb100&Prime; shift_y=\u00a0\u00bb0&Prime; z_index=\u00a0\u00bb0&Prime;][vc_column column_width_percent=\u00a0\u00bb100&Prime; align_horizontal=\u00a0\u00bbalign_center\u00a0\u00bb gutter_size=\u00a0\u00bb2&Prime; style=\u00a0\u00bbdark\u00a0\u00bb overlay_alpha=\u00a0\u00bb50&Prime; border_color=\u00a0\u00bbcolor-209865&Prime; border_style=\u00a0\u00bbsolid\u00a0\u00bb shift_x=\u00a0\u00bb0&Prime; shift_y=\u00a0\u00bb0&Prime; shift_y_down=\u00a0\u00bb0&Prime; z_index=\u00a0\u00bb0&Prime; medium_width=\u00a0\u00bb0&Prime; mobile_width=\u00a0\u00bb0&Prime; width=\u00a0\u00bb1\/1&Prime;][vc_raw_html]JTNDaDIlM0VOb3RyZSUyMHZhbGV1ciUyMGFqb3V0JUMzJUE5ZSUzQyUyRmgyJTNF[\/vc_raw_html][vc_column_text]Nos \u00e9quipes d&rsquo;experts mettent toute leur \u00e9nergie et leur savoir-faire industriel au service<br \/>\nde vos projets et vous accompagnent \u00e0 360\u00b0 pour les mener \u00e0 bien.[\/vc_column_text][vc_raw_html]JTNDZGl2JTIwY2xhc3MlM0QlMjJub3RyZS12YWxldXIyJTIyJTNFJTBBJTIwJTIwJTNDZGl2JTIwY2xhc3MlM0QlMjJpdGVtJTIyJTNFJTBBJTIwJTIwJTIwJTIwJTNDaW1nJTIwc3JjJTNEJTIyLi4lMkYuLiUyRndwLWNvbnRlbnQlMkZ1cGxvYWRzJTJGMjAyMSUyRjA1JTJGaWNvbl9ldHVkZS5zdmclMjIlMjBhbHQlM0QlMjIlMjIlM0UlMEElMjAlMjAlMjAlMjAlM0NwJTNFJUMzJTg5dHVkZSUzQyUyRnAlM0UlMEElMjAlMjAlM0MlMkZkaXYlM0UlMEElMjAlMjAlM0NkaXYlMjBjbGFzcyUzRCUyMml0ZW0lMjIlM0UlMEElMjAlMjAlMjAlMjAlM0NpbWclMjBzcmMlM0QlMjIuLiUyRi4uJTJGd3AtY29udGVudCUyRnVwbG9hZHMlMkYyMDIxJTJGMDUlMkZpY29uX2NyZWF0aW9uLnN2ZyUyMiUyMGFsdCUzRCUyMiUyMiUzRSUwQSUyMCUyMCUyMCUyMCUzQ3AlM0VDciVDMyVBOWF0aW9uJTNDJTJGcCUzRSUwQSUyMCUyMCUzQyUyRmRpdiUzRSUwQSUyMCUyMCUzQ2RpdiUyMGNsYXNzJTNEJTIyaXRlbSUyMiUzRSUwQSUyMCUyMCUyMCUyMCUzQ2ltZyUyMHNyYyUzRCUyMi4uJTJGLi4lMkZ3cC1jb250ZW50JTJGdXBsb2FkcyUyRjIwMjElMkYwNSUyRmljb25fc2ltdWxhdGlvbi5zdmclMjIlMjBhbHQlM0QlMjIlMjIlM0UlMEElMjAlMjAlMjAlMjAlM0NwJTNFU2ltdWxhdGlvbiUzQyUyRnAlM0UlMEElMjAlMjAlM0MlMkZkaXYlM0UlMEElMjAlMjAlM0NkaXYlMjBjbGFzcyUzRCUyMml0ZW0lMjIlM0UlMEElMjAlMjAlMjAlMjAlM0NpbWclMjBzcmMlM0QlMjIuLiUyRi4uJTJGd3AtY29udGVudCUyRnVwbG9hZHMlMkYyMDIxJTJGMDUlMkZpY29uX3Byb2R1Y3Rpb24uc3ZnJTIyJTIwYWx0JTNEJTIyJTIyJTNFJTBBJTIwJTIwJTIwJTIwJTNDcCUzRVByb2R1Y3Rpb24lM0MlMkZwJTNFJTBBJTIwJTIwJTNDJTJGZGl2JTNFJTBBJTIwJTIwJTNDZGl2JTIwY2xhc3MlM0QlMjJpdGVtJTIyJTNFJTBBJTIwJTIwJTIwJTIwJTNDaW1nJTIwc3JjJTNEJTIyLi4lMkYuLiUyRndwLWNvbnRlbnQlMkZ1cGxvYWRzJTJGMjAyMSUyRjA1JTJGaWNvbl9xdWFsaXRlLnN2ZyUyMiUyMGFsdCUzRCUyMiUyMiUzRSUwQSUyMCUyMCUyMCUyMCUzQ3AlM0VDb250ciVDMyVCNGxlJTIwcXVhbGl0JUMzJUE5JTNDJTJGcCUzRSUwQSUyMCUyMCUzQyUyRmRpdiUzRSUwQSUyMCUyMCUzQ2RpdiUyMGNsYXNzJTNEJTIyaXRlbSUyMiUzRSUwQSUyMCUyMCUyMCUyMCUzQ2ltZyUyMHNyYyUzRCUyMi4uJTJGLi4lMkZ3cC1jb250ZW50JTJGdXBsb2FkcyUyRjIwMjElMkYwNSUyRmljb25fbG9naXN0aXF1ZS5zdmclMjIlMjBhbHQlM0QlMjIlMjIlM0UlMEElMjAlMjAlMjAlMjAlM0NwJTNFTG9naXN0aXF1ZSUzQyUyRnAlM0UlMEElMjAlMjAlM0MlMkZkaXYlM0UlMEElMjAlMjAlM0NkaXYlMjBjbGFzcyUzRCUyMml0ZW0lMjIlM0UlMEElMjAlMjAlMjAlMjAlM0NpbWclMjBzcmMlM0QlMjIuLiUyRi4uJTJGd3AtY29udGVudCUyRnVwbG9hZHMlMkYyMDIxJTJGMDUlMkZpY29uX3N0b2NrYWdlLnN2ZyUyMiUyMGFsdCUzRCUyMiUyMiUzRSUwQSUyMCUyMCUyMCUyMCUzQ3AlM0VTdG9ja2FnZSUzQyUyRnAlM0UlMEElMjAlMjAlM0MlMkZkaXYlM0UlMEElMjAlMjAlM0NkaXYlMjBjbGFzcyUzRCUyMml0ZW0lMjIlM0UlMEElMjAlMjAlMjAlMjAlM0NpbWclMjBzcmMlM0QlMjIuLiUyRi4uJTJGd3AtY29udGVudCUyRnVwbG9hZHMlMkYyMDIxJTJGMDUlMkZpY29uX3Bvc2Uuc3ZnJTIyJTIwYWx0JTNEJTIyJTIyJTNFJTBBJTIwJTIwJTIwJTIwJTNDcCUzRVBvc2UlM0MlMkZwJTNFJTBBJTIwJTIwJTNDJTJGZGl2JTNFJTBBJTNDJTJGZGl2JTNF[\/vc_raw_html][\/vc_column][\/vc_row][vc_row][vc_column width=\u00a0\u00bb1\/1&Prime;][uncode_block id=\u00a0\u00bb4836&Prime;][\/vc_column][\/vc_row][vc_row row_height_percent=\u00a0\u00bb0&Prime; override_padding=\u00a0\u00bbyes\u00a0\u00bb h_padding=\u00a0\u00bb0&Prime; top_padding=\u00a0\u00bb0&Prime; bottom_padding=\u00a0\u00bb0&Prime; overlay_alpha=\u00a0\u00bb50&Prime; gutter_size=\u00a0\u00bb3&Prime; column_width_percent=\u00a0\u00bb100&Prime; shift_y=\u00a0\u00bb0&Prime; z_index=\u00a0\u00bb0&Prime;][vc_column width=\u00a0\u00bb1\/1&Prime;][vc_raw_html]JTNDZGl2JTIwY2xhc3MlM0QlMjJtb2RhbC1vdmVybGF5LW1hcnF1ZSUyMiUzRSUzQyUyRmRpdiUzRSUwQSUzQ2RpdiUyMGNsYXNzJTNEJTIybW9kYWwtdGVsZWNoYXJnZXIlMjBtb2RhbC1jYXRhbG9ndWUtaW1wYWN0JTIyJTNFJTBBJTIwJTNDZGl2JTIwY2xhc3MlM0QlMjJtb2RhbC10ZWxlY2hhcmdlcl9fY2xvc2UlMjIlM0UlM0MlMkZkaXYlM0UlMEElMjAlM0NkaXYlMjBjbGFzcyUzRCUyMm1vZGFsLXRlbGVjaGFyZ2VyX19jb250YWluZXIlMjIlM0UlMEElMjAlMjAlM0NwJTIwY2xhc3MlM0QlMjJtb2RhbC10ZWxlY2hhcmdlcl9fdGl0cmUlMjBoMyUyMiUzRVQlQzMlQTlsJUMzJUE5Y2hhcmdlciUzQ2JyJTNFbGUlMjBjYXRhbG9ndWUlMjBJbXBhY3QlMjBDb25jZXB0JTNDJTJGcCUzRSUwQSUyMCUyMCU1QmNvbnRhY3QtZm9ybS03JTIwaWQlM0QlMjI1NTczJTIyJTIwdGl0bGUlM0QlMjJUJUMzJUE5bCVDMyVBOWNoYXJnZXIlMjBsZSUyMGNhdGFsb2d1ZSUyMEltcGFjdCUyMENvbmNlcHQlMjIlNUQlMEElMjAlMjAlM0NwJTIwY2xhc3MlM0QlMjJtb2RhbC10ZWxlY2hhcmdlcl9fcmdwZCUyMiUzRVZvcyUyMGRvbm4lQzMlQTllcyUyMHNlcm9udCUyMHRyYWl0JUMzJUE5ZXMlMjBwYXIlMjBJU0QlMjBwb3VyJTIwdm91cyUyMGFzc3VyZXIlMjB1biUyMG1laWxsZXVyJTIwc3VpdmklMjBldCUyMG5lJTIwc2Vyb250JTIwcGFzJTIwY29tbXVuaXF1JUMzJUE5ZXMlMjAlQzMlQTAlMjBkZXMlMjB0aWVycy4lM0MlMkZwJTNFJTBBJTIwJTNDJTJGZGl2JTNFJTBBJTNDJTJGZGl2JTNFJTBBJTBBJTNDc2NyaXB0JTIwdHlwZSUzRCUyMnRleHQlMkZqYXZhc2NyaXB0JTIyJTNFJTBBalF1ZXJ5JTI4JTI3LmRvd25sb2FkLWZpbGUuaW1wYWN0JTI3JTI5LmJpbmQlMjglMjdjbGljayUyNyUyQyUyMGZ1bmN0aW9uJTI4ZSUyOSUyMCU3QiUwQSUwOWUucHJldmVudERlZmF1bHQlMjglMjklM0IlMEElMDlqUXVlcnklMjglMjcubW9kYWwtb3ZlcmxheS1tYXJxdWUlMjclMjkuYWRkQ2xhc3MlMjglMjdpcy12aXNpYmxlJTI3JTI5JTNCJTBBJTBBJTA5JTJGJTJGJTIwQ2F0YWxvZ3VlJTBBJTA5aWYlMjhqUXVlcnklMjh0aGlzJTI5Lmhhc0NsYXNzJTI4JTI3aW1wYWN0JTI3JTI5JTI5JTIwJTdCJTBBJTA5JTA5alF1ZXJ5JTI4JTI3Lm1vZGFsLWNhdGFsb2d1ZS1pbXBhY3QlMjclMjkuYWRkQ2xhc3MlMjglMjdpcy12aXNpYmxlJTI3JTI5JTNCJTBBJTA5JTdEJTBBJTdEJTI5JTNCJTBBJTNDJTJGc2NyaXB0JTNF[\/vc_raw_html][\/vc_column][\/vc_row]<\/p>\n","protected":false},"excerpt":{"rendered":"<p>[vc_row row_height_percent=\u00a0\u00bb0&Prime; override_padding=\u00a0\u00bbyes\u00a0\u00bb h_padding=\u00a0\u00bb3&Prime; top_padding=\u00a0\u00bb4&Prime; bottom_padding=\u00a0\u00bb4&Prime; back_image=\u00a0\u00bb4875&Prime; back_repeat=\u00a0\u00bbno-repeat\u00a0\u00bb back_position=\u00a0\u00bbcenter center\u00a0\u00bb overlay_color=\u00a0\u00bbcolor-jevc\u00a0\u00bb overlay_alpha=\u00a0\u00bb0&Prime; gutter_size=\u00a0\u00bb3&Prime; column_width_percent=\u00a0\u00bb100&Prime; shift_y=\u00a0\u00bb0&Prime; z_index=\u00a0\u00bb0&Prime; back_size=\u00a0\u00bbcover\u00a0\u00bb row_height_pixel=\u00a0\u00bb400&Prime;][vc_column column_width_percent=\u00a0\u00bb100&Prime; position_vertical=\u00a0\u00bbmiddle\u00a0\u00bb [&hellip;]<\/p>\n","protected":false},"author":8,"featured_media":0,"parent":0,"menu_order":0,"comment_status":"closed","ping_status":"closed","template":"","meta":[],"aioseo_notices":[],"_links":{"self":[{"href":"https:\/\/www.groupe-isd.fr\/fr\/wp-json\/wp\/v2\/pages\/4871"}],"collection":[{"href":"https:\/\/www.groupe-isd.fr\/fr\/wp-json\/wp\/v2\/pages"}],"about":[{"href":"https:\/\/www.groupe-isd.fr\/fr\/wp-json\/wp\/v2\/types\/page"}],"author":[{"embeddable":true,"href":"https:\/\/www.groupe-isd.fr\/fr\/wp-json\/wp\/v2\/users\/8"}],"replies":[{"embeddable":true,"href":"https:\/\/www.groupe-isd.fr\/fr\/wp-json\/wp\/v2\/comments?post=4871"}],"version-history":[{"count":17,"href":"https:\/\/www.groupe-isd.fr\/fr\/wp-json\/wp\/v2\/pages\/4871\/revisions"}],"predecessor-version":[{"id":5737,"href":"https:\/\/www.groupe-isd.fr\/fr\/wp-json\/wp\/v2\/pages\/4871\/revisions\/5737"}],"wp:attachment":[{"href":"https:\/\/www.groupe-isd.fr\/fr\/wp-json\/wp\/v2\/media?parent=4871"}],"curies":[{"name":"wp","href":"https:\/\/api.w.org\/{rel}","templated":true}]}}