{"id":4842,"date":"2021-05-12T11:43:18","date_gmt":"2021-05-12T09:43:18","guid":{"rendered":"https:\/\/www.groupe-isd.fr\/?page_id=4842"},"modified":"2021-08-18T11:18:51","modified_gmt":"2021-08-18T09:18:51","slug":"hang-and-display","status":"publish","type":"page","link":"https:\/\/www.groupe-isd.fr\/fr\/hang-and-display\/","title":{"rendered":"Hang and Display"},"content":{"rendered":"<p>[vc_row row_height_percent=\u00a0\u00bb0&Prime; override_padding=\u00a0\u00bbyes\u00a0\u00bb h_padding=\u00a0\u00bb3&Prime; top_padding=\u00a0\u00bb4&Prime; bottom_padding=\u00a0\u00bb4&Prime; back_image=\u00a0\u00bb4846&Prime; back_repeat=\u00a0\u00bbno-repeat\u00a0\u00bb back_position=\u00a0\u00bbleft center\u00a0\u00bb overlay_color=\u00a0\u00bbcolor-jevc\u00a0\u00bb overlay_alpha=\u00a0\u00bb0&Prime; gutter_size=\u00a0\u00bb3&Prime; column_width_percent=\u00a0\u00bb100&Prime; shift_y=\u00a0\u00bb0&Prime; z_index=\u00a0\u00bb0&Prime; back_size=\u00a0\u00bbcover\u00a0\u00bb row_height_pixel=\u00a0\u00bb400&Prime;][vc_column column_width_percent=\u00a0\u00bb100&Prime; position_vertical=\u00a0\u00bbmiddle\u00a0\u00bb gutter_size=\u00a0\u00bb0&Prime; overlay_alpha=\u00a0\u00bb50&Prime; shift_x=\u00a0\u00bb0&Prime; shift_y=\u00a0\u00bb0&Prime; shift_y_down=\u00a0\u00bb0&Prime; z_index=\u00a0\u00bb0&Prime; medium_width=\u00a0\u00bb0&Prime; mobile_width=\u00a0\u00bb0&Prime; css_animation=\u00a0\u00bbbottom-t-top\u00a0\u00bb animation_speed=\u00a0\u00bb300&Prime; width=\u00a0\u00bb1\/1&Prime;][\/vc_column][\/vc_row][vc_row row_height_percent=\u00a0\u00bb0&Prime; override_padding=\u00a0\u00bbyes\u00a0\u00bb h_padding=\u00a0\u00bb2&Prime; top_padding=\u00a0\u00bb3&Prime; bottom_padding=\u00a0\u00bb3&Prime; overlay_alpha=\u00a0\u00bb50&Prime; gutter_size=\u00a0\u00bb3&Prime; column_width_percent=\u00a0\u00bb100&Prime; shift_y=\u00a0\u00bb0&Prime; z_index=\u00a0\u00bb0&Prime;][vc_column column_width_percent=\u00a0\u00bb70&Prime; align_horizontal=\u00a0\u00bbalign_center\u00a0\u00bb gutter_size=\u00a0\u00bb2&Prime; overlay_alpha=\u00a0\u00bb50&Prime; border_color=\u00a0\u00bbcolor-209865&Prime; border_style=\u00a0\u00bbsolid\u00a0\u00bb shift_x=\u00a0\u00bb0&Prime; shift_y=\u00a0\u00bb0&Prime; shift_y_down=\u00a0\u00bb0&Prime; z_index=\u00a0\u00bb0&Prime; medium_width=\u00a0\u00bb0&Prime; mobile_width=\u00a0\u00bb0&Prime; width=\u00a0\u00bb1\/1&Prime;][vc_single_image media=\u00a0\u00bb5664&Prime; media_width_use_pixel=\u00a0\u00bbyes\u00a0\u00bb alignment=\u00a0\u00bbcenter\u00a0\u00bb media_width_pixel=\u00a0\u00bb535&Prime;][vc_raw_html]JTNDaDElMjBjbGFzcyUzRCUyMm1hcnF1ZS10aXRsZSUyMHRleHQtYmx1ZTMlMjIlM0VFeHBlcnQlMjByZWNvbm51JTIwZGFucyUyMGxlJTIwZG9tYWluZSUyMGR1JTIwbWVyY2hhbmRpc2luZyUyQyUyMGRlJTIwbCVFMiU4MCU5OSVDMyVBOXRpcXVldGFnZSUyMGV0JTIwZGUlMjBsJUUyJTgwJTk5YWNjZXNzb2lyZSUyMFBMVi4lM0MlMkZoMSUzRQ==[\/vc_raw_html][vc_column_text css=\u00a0\u00bb.vc_custom_1622453107806{padding-bottom: 20px !important;}\u00a0\u00bb]Bas\u00e9 en Australie, Hang &amp; Display est pr\u00e9sent dans les secteurs du merchandising, de l&rsquo;impression, de l&rsquo;\u00e9tiquetage et du display, depuis 2003. Ils proposent une large gamme d&rsquo;accessoires de PLV principalement d\u00e9di\u00e9e aux interm\u00e9diaires de la PLV.[\/vc_column_text][vc_button button_color=\u00a0\u00bbcolor-209865&Prime; radius=\u00a0\u00bbbtn-circle\u00a0\u00bb border_width=\u00a0\u00bb0&Prime; link=\u00a0\u00bburl:https%3A%2F%2Fwww.groupe-isd.fr%2Ffr%2Fcontact%2F|title:Contact||\u00a0\u00bb]Nous contacter[\/vc_button][\/vc_column][\/vc_row][vc_row row_height_percent=\u00a0\u00bb0&Prime; override_padding=\u00a0\u00bbyes\u00a0\u00bb h_padding=\u00a0\u00bb2&Prime; top_padding=\u00a0\u00bb3&Prime; bottom_padding=\u00a0\u00bb3&Prime; back_color=\u00a0\u00bbcolor-gyho\u00a0\u00bb overlay_alpha=\u00a0\u00bb50&Prime; gutter_size=\u00a0\u00bb3&Prime; column_width_percent=\u00a0\u00bb100&Prime; shift_y=\u00a0\u00bb0&Prime; z_index=\u00a0\u00bb0&Prime;][vc_column column_width_percent=\u00a0\u00bb100&Prime; align_horizontal=\u00a0\u00bbalign_center\u00a0\u00bb gutter_size=\u00a0\u00bb2&Prime; overlay_alpha=\u00a0\u00bb50&Prime; border_color=\u00a0\u00bbcolor-209865&Prime; border_style=\u00a0\u00bbsolid\u00a0\u00bb shift_x=\u00a0\u00bb0&Prime; shift_y=\u00a0\u00bb0&Prime; shift_y_down=\u00a0\u00bb0&Prime; z_index=\u00a0\u00bb0&Prime; medium_width=\u00a0\u00bb0&Prime; mobile_width=\u00a0\u00bb0&Prime; width=\u00a0\u00bb1\/1&Prime;][vc_raw_html]JTNDaDIlM0VOb3MlMjBjaGlmZnJlcyUyMGNsJUMzJUE5cyUzQyUyRmgyJTNF[\/vc_raw_html][vc_raw_html]JTNDZGl2JTIwY2xhc3MlM0QlMjJub3MtY2hpZmZyZXMlMjIlM0UlMEElMjAlMjAlM0NkaXYlMjBjbGFzcyUzRCUyMml0ZW0lMjBncmVlbiUyMiUzRSUwQSUyMCUyMCUyMCUyMCUzQ3AlM0UxMzUlMkM3NSUzQ3NwYW4lM0VLTSUzQyUyRnNwYW4lM0UlM0NzcGFuJTIwY2xhc3MlM0QlMjJ0ZXh0LXJvdGF0ZSUyMiUzRWNoaWZmcmUlM0NiciUzRWNsJUMzJUE5JTIwcnNlJTNDJTJGc3BhbiUzRSUzQyUyRnAlM0UlMEElMjAlMjAlMjAlMjAlM0NwJTNFZGUlMjBwb3J0ZS0lQzMlQTl0aXF1ZXR0ZXMlM0NiciUzRWVuJTIwUEVUJTIwdmVuZHVzJTIwZW4lMjAyMDIwJTNDJTJGcCUzRSUwQSUyMCUyMCUzQyUyRmRpdiUzRSUwQSUyMCUyMCUzQ2RpdiUyMGNsYXNzJTNEJTIyaXRlbSUyMiUzRSUwQSUyMCUyMCUyMCUyMCUzQ3AlM0U2MDAlM0MlMkZwJTNFJTBBJTIwJTIwJTIwJTIwJTNDcCUzRXIlQzMlQTlmJUMzJUE5cmVuY2VzJTIwYXUlMjBjYXRhbG9ndWUlM0MlMkZwJTNFJTBBJTIwJTIwJTNDJTJGZGl2JTNFJTBBJTIwJTIwJTNDZGl2JTIwY2xhc3MlM0QlMjJpdGVtJTIyJTNFJTBBJTIwJTIwJTIwJTIwJTNDcCUzRTUwJTNDc3BhbiUzRU0lM0NzdXAlM0UyJTNDJTJGc3VwJTNFJTNDJTJGc3BhbiUzRSUzQyUyRnAlM0UlMEElMjAlMjAlMjAlMjAlM0NwJTNFZGUlMjBzaG93cm9vbSUzQyUyRnAlM0UlMEElMjAlMjAlM0MlMkZkaXYlM0UlMEElM0MlMkZkaXYlM0U=[\/vc_raw_html][\/vc_column][\/vc_row][vc_row unlock_row_content=\u00a0\u00bbyes\u00a0\u00bb row_height_percent=\u00a0\u00bb40&Prime; override_padding=\u00a0\u00bbyes\u00a0\u00bb h_padding=\u00a0\u00bb0&Prime; top_padding=\u00a0\u00bb0&Prime; bottom_padding=\u00a0\u00bb0&Prime; overlay_alpha=\u00a0\u00bb50&Prime; equal_height=\u00a0\u00bbyes\u00a0\u00bb gutter_size=\u00a0\u00bb0&Prime; column_width_percent=\u00a0\u00bb100&Prime; shift_y=\u00a0\u00bb0&Prime; z_index=\u00a0\u00bb0&Prime; el_class=\u00a0\u00bbresponsive-container\u00a0\u00bb][vc_column column_width_percent=\u00a0\u00bb100&Prime; align_horizontal=\u00a0\u00bbalign_center\u00a0\u00bb gutter_size=\u00a0\u00bb2&Prime; overlay_alpha=\u00a0\u00bb50&Prime; border_color=\u00a0\u00bbcolor-209865&Prime; border_style=\u00a0\u00bbsolid\u00a0\u00bb shift_x=\u00a0\u00bb0&Prime; shift_y=\u00a0\u00bb0&Prime; shift_y_down=\u00a0\u00bb0&Prime; z_index=\u00a0\u00bb0&Prime; medium_width=\u00a0\u00bb0&Prime; mobile_width=\u00a0\u00bb0&Prime; width=\u00a0\u00bb1\/2&Prime; el_class=\u00a0\u00bbcol-3-image\u00a0\u00bb][vc_single_image media=\u00a0\u00bb5448&Prime; media_width_percent=\u00a0\u00bb100&Prime;][\/vc_column][vc_column column_width_percent=\u00a0\u00bb100&Prime; align_horizontal=\u00a0\u00bbalign_center\u00a0\u00bb gutter_size=\u00a0\u00bb2&Prime; overlay_alpha=\u00a0\u00bb50&Prime; shift_x=\u00a0\u00bb0&Prime; shift_y=\u00a0\u00bb0&Prime; shift_y_down=\u00a0\u00bb0&Prime; z_index=\u00a0\u00bb0&Prime; medium_visibility=\u00a0\u00bbyes\u00a0\u00bb medium_width=\u00a0\u00bb0&Prime; mobile_visibility=\u00a0\u00bbyes\u00a0\u00bb mobile_width=\u00a0\u00bb0&Prime; width=\u00a0\u00bb1\/2&Prime; el_class=\u00a0\u00bbcol-3-image\u00a0\u00bb][vc_single_image media=\u00a0\u00bb5450&Prime; media_width_percent=\u00a0\u00bb100&Prime;][\/vc_column][\/vc_row][vc_row unlock_row_content=\u00a0\u00bbyes\u00a0\u00bb row_height_percent=\u00a0\u00bb40&Prime; override_padding=\u00a0\u00bbyes\u00a0\u00bb h_padding=\u00a0\u00bb0&Prime; top_padding=\u00a0\u00bb0&Prime; bottom_padding=\u00a0\u00bb0&Prime; overlay_alpha=\u00a0\u00bb50&Prime; equal_height=\u00a0\u00bbyes\u00a0\u00bb gutter_size=\u00a0\u00bb0&Prime; column_width_percent=\u00a0\u00bb100&Prime; shift_y=\u00a0\u00bb0&Prime; z_index=\u00a0\u00bb0&Prime; el_class=\u00a0\u00bbresponsive-container\u00a0\u00bb][vc_column column_width_percent=\u00a0\u00bb100&Prime; align_horizontal=\u00a0\u00bbalign_center\u00a0\u00bb gutter_size=\u00a0\u00bb2&Prime; back_image=\u00a0\u00bb4860&Prime; back_repeat=\u00a0\u00bbno-repeat\u00a0\u00bb back_position=\u00a0\u00bbcenter top\u00a0\u00bb overlay_alpha=\u00a0\u00bb50&Prime; shift_x=\u00a0\u00bb0&Prime; shift_y=\u00a0\u00bb0&Prime; shift_y_down=\u00a0\u00bb0&Prime; z_index=\u00a0\u00bb0&Prime; medium_visibility=\u00a0\u00bbyes\u00a0\u00bb medium_width=\u00a0\u00bb0&Prime; mobile_visibility=\u00a0\u00bbyes\u00a0\u00bb mobile_width=\u00a0\u00bb0&Prime; width=\u00a0\u00bb1\/2&Prime; el_class=\u00a0\u00bbcol-6-image content\u00a0\u00bb][\/vc_column][vc_column column_width_percent=\u00a0\u00bb100&Prime; position_vertical=\u00a0\u00bbmiddle\u00a0\u00bb gutter_size=\u00a0\u00bb2&Prime; override_padding=\u00a0\u00bbyes\u00a0\u00bb column_padding=\u00a0\u00bb2&Prime; overlay_alpha=\u00a0\u00bb50&Prime; border_color=\u00a0\u00bbcolor-209865&Prime; border_style=\u00a0\u00bbsolid\u00a0\u00bb shift_x=\u00a0\u00bb0&Prime; shift_y=\u00a0\u00bb0&Prime; shift_y_down=\u00a0\u00bb0&Prime; z_index=\u00a0\u00bb0&Prime; medium_width=\u00a0\u00bb0&Prime; mobile_width=\u00a0\u00bb0&Prime; width=\u00a0\u00bb1\/2&Prime;][vc_raw_html]JTNDaDIlMjBjbGFzcyUzRCUyMnRleHQtYmx1ZTMlMjIlM0VOb3RyZSUyMGV4cGVydGlzZSUzQyUyRmgyJTNF[\/vc_raw_html][vc_column_text]Nos \u00e9quipes vous conseillent gr\u00e2ce \u00e0 leur expertise dans les domaines du merchandising, de l\u2019\u00e9tiquetage et de l\u2019accessoire PLV. Ils r\u00e9pondent \u00e0 vos besoins et vous garantissent une v\u00e9ritable r\u00e9activit\u00e9 face \u00e0 vos probl\u00e9matiques. Hang &amp; Display, c\u2019est 8 familles de produits avec plus de 600 r\u00e9f\u00e9rences stock\u00e9es.<\/p>\n<p>\u2022 Supports stop-rayons<br \/>\n\u2022 Potences &amp; porte-frontons<br \/>\n\u2022 Accessoires de suspension<br \/>\n\u2022 Supports affichage prix<br \/>\n\u2022 Accessoires display<br \/>\n\u2022 Solutions merchandising<br \/>\n\u2022 Supports visuels<br \/>\n\u2022 Hang Tabs[\/vc_column_text][vc_raw_html]JTNDcCUyMGNsYXNzJTNEJTIyZGwtdGV4dCUyMiUzRVBvdXIlMjBlbiUyMHNhdm9pciUyMHBsdXMlMkMlMjBjb25zdWx0ZXolMjBub3RyZSUyMGNhdGFsb2d1ZSUzQyUyRnAlM0U=[\/vc_raw_html][vc_button button_color=\u00a0\u00bbcolor-209865&Prime; radius=\u00a0\u00bbbtn-circle\u00a0\u00bb border_width=\u00a0\u00bb0&Prime; el_class=\u00a0\u00bbdownload-file hang\u00a0\u00bb]T\u00e9l\u00e9charger[\/vc_button][\/vc_column][\/vc_row][vc_row unlock_row_content=\u00a0\u00bbyes\u00a0\u00bb row_height_percent=\u00a0\u00bb40&Prime; override_padding=\u00a0\u00bbyes\u00a0\u00bb h_padding=\u00a0\u00bb0&Prime; top_padding=\u00a0\u00bb0&Prime; bottom_padding=\u00a0\u00bb0&Prime; overlay_alpha=\u00a0\u00bb50&Prime; equal_height=\u00a0\u00bbyes\u00a0\u00bb gutter_size=\u00a0\u00bb0&Prime; column_width_percent=\u00a0\u00bb100&Prime; shift_y=\u00a0\u00bb0&Prime; z_index=\u00a0\u00bb0&Prime; desktop_visibility=\u00a0\u00bbyes\u00a0\u00bb el_class=\u00a0\u00bbresponsive-container\u00a0\u00bb][vc_column column_width_percent=\u00a0\u00bb100&Prime; align_horizontal=\u00a0\u00bbalign_center\u00a0\u00bb gutter_size=\u00a0\u00bb2&Prime; overlay_alpha=\u00a0\u00bb50&Prime; border_color=\u00a0\u00bbcolor-209865&Prime; border_style=\u00a0\u00bbsolid\u00a0\u00bb shift_x=\u00a0\u00bb0&Prime; shift_y=\u00a0\u00bb0&Prime; shift_y_down=\u00a0\u00bb0&Prime; z_index=\u00a0\u00bb0&Prime; medium_visibility=\u00a0\u00bbyes\u00a0\u00bb medium_width=\u00a0\u00bb0&Prime; mobile_visibility=\u00a0\u00bbyes\u00a0\u00bb mobile_width=\u00a0\u00bb0&Prime; width=\u00a0\u00bb1\/2&Prime; el_class=\u00a0\u00bbcol-3-image\u00a0\u00bb][vc_single_image media=\u00a0\u00bb5448&Prime; media_width_percent=\u00a0\u00bb100&Prime;][\/vc_column][vc_column column_width_percent=\u00a0\u00bb100&Prime; align_horizontal=\u00a0\u00bbalign_center\u00a0\u00bb gutter_size=\u00a0\u00bb2&Prime; overlay_alpha=\u00a0\u00bb50&Prime; shift_x=\u00a0\u00bb0&Prime; shift_y=\u00a0\u00bb0&Prime; shift_y_down=\u00a0\u00bb0&Prime; z_index=\u00a0\u00bb0&Prime; medium_width=\u00a0\u00bb0&Prime; mobile_width=\u00a0\u00bb0&Prime; width=\u00a0\u00bb1\/2&Prime; el_class=\u00a0\u00bbcol-3-image\u00a0\u00bb][vc_single_image media=\u00a0\u00bb5450&Prime; media_width_percent=\u00a0\u00bb100&Prime;][\/vc_column][\/vc_row][vc_row row_height_percent=\u00a0\u00bb0&Prime; override_padding=\u00a0\u00bbyes\u00a0\u00bb h_padding=\u00a0\u00bb2&Prime; top_padding=\u00a0\u00bb3&Prime; bottom_padding=\u00a0\u00bb3&Prime; back_color=\u00a0\u00bbcolor-877160&Prime; overlay_alpha=\u00a0\u00bb50&Prime; gutter_size=\u00a0\u00bb3&Prime; column_width_percent=\u00a0\u00bb100&Prime; shift_y=\u00a0\u00bb0&Prime; z_index=\u00a0\u00bb0&Prime;][vc_column column_width_percent=\u00a0\u00bb100&Prime; align_horizontal=\u00a0\u00bbalign_center\u00a0\u00bb gutter_size=\u00a0\u00bb2&Prime; style=\u00a0\u00bbdark\u00a0\u00bb overlay_alpha=\u00a0\u00bb50&Prime; border_color=\u00a0\u00bbcolor-209865&Prime; border_style=\u00a0\u00bbsolid\u00a0\u00bb shift_x=\u00a0\u00bb0&Prime; shift_y=\u00a0\u00bb0&Prime; shift_y_down=\u00a0\u00bb0&Prime; z_index=\u00a0\u00bb0&Prime; medium_width=\u00a0\u00bb0&Prime; mobile_width=\u00a0\u00bb0&Prime; width=\u00a0\u00bb1\/1&Prime;][vc_raw_html]JTNDaDIlM0VOb3RyZSUyMHZhbGV1ciUyMGFqb3V0JUMzJUE5ZSUzQyUyRmgyJTNF[\/vc_raw_html][vc_column_text]Hang &amp; Display met \u00e0 votre disposition l&rsquo;int\u00e9gralit\u00e9 de son offre produits en ligne avec une interface simple et organis\u00e9e.<br \/>\nC\u2019est avant tout une disponibilit\u00e9 en ligne 24h\/24 et 7j\/7.[\/vc_column_text][vc_raw_html]JTNDZGl2JTIwY2xhc3MlM0QlMjJub3RyZS12YWxldXIlMjIlM0UlMEElMjAlMjAlM0NkaXYlMjBjbGFzcyUzRCUyMml0ZW0lMjIlM0UlMEElMjAlMjAlMjAlMjAlM0NpbWclMjBzcmMlM0QlMjIuLiUyRi4uJTJGd3AtY29udGVudCUyRnVwbG9hZHMlMkYyMDIxJTJGMDUlMkZpY29uX2VjaGFudC5zdmclMjIlMjBhbHQlM0QlMjIlMjIlM0UlMEElMjAlMjAlMjAlMjAlM0NwJTNFJUMzJTg5Y2hhbnRpbGxvbnMlM0NiciUzRWdyYXR1aXRzJTNDJTJGcCUzRSUwQSUyMCUyMCUzQyUyRmRpdiUzRSUwQSUyMCUyMCUzQ2RpdiUyMGNsYXNzJTNEJTIyaXRlbSUyMiUzRSUwQSUyMCUyMCUyMCUyMCUzQ2ltZyUyMHNyYyUzRCUyMi4uJTJGLi4lMkZ3cC1jb250ZW50JTJGdXBsb2FkcyUyRjIwMjElMkYwNSUyRmljb25fbGl2cmFpc29uLnN2ZyUyMiUyMGFsdCUzRCUyMiUyMiUzRSUwQSUyMCUyMCUyMCUyMCUzQ3AlM0VMaXZyYWlzb24lMjByYXBpZGUlM0MlMkZwJTNFJTBBJTIwJTIwJTNDJTJGZGl2JTNFJTBBJTIwJTIwJTNDZGl2JTIwY2xhc3MlM0QlMjJpdGVtJTIyJTNFJTBBJTIwJTIwJTIwJTIwJTNDaW1nJTIwc3JjJTNEJTIyLi4lMkYuLiUyRndwLWNvbnRlbnQlMkZ1cGxvYWRzJTJGMjAyMSUyRjA1JTJGaWNvbl9jb25zZWlsLnN2ZyUyMiUyMGFsdCUzRCUyMiUyMiUzRSUwQSUyMCUyMCUyMCUyMCUzQ3AlM0VVbiUyMHNlcnZpY2UlMjBjb25zZWlsJTNDYnIlM0VwZXJzb25uYWxpcyVDMyVBOSUzQyUyRnAlM0UlMEElMjAlMjAlM0MlMkZkaXYlM0UlMEElMjAlMjAlM0NkaXYlMjBjbGFzcyUzRCUyMml0ZW0lMjIlM0UlMEElMjAlMjAlMjAlMjAlM0NpbWclMjBzcmMlM0QlMjIuLiUyRi4uJTJGd3AtY29udGVudCUyRnVwbG9hZHMlMkYyMDIxJTJGMDUlMkZpY29uX3BhaWVtZW50LnN2ZyUyMiUyMGFsdCUzRCUyMiUyMiUzRSUwQSUyMCUyMCUyMCUyMCUzQ3AlM0VQYWllbWVudCUyMHMlQzMlQTljdXJpcyVDMyVBOSUzQ2JyJTNFZW4lMjBsaWduZSUzQyUyRnAlM0UlMEElMjAlMjAlM0MlMkZkaXYlM0UlMEElM0MlMkZkaXYlM0U=[\/vc_raw_html][vc_button button_color=\u00a0\u00bbcolor-209865&Prime; radius=\u00a0\u00bbbtn-circle\u00a0\u00bb border_width=\u00a0\u00bb0&Prime; link=\u00a0\u00bburl:https%3A%2F%2Fwww.hanganddisplay.com.au%2F||target:%20_blank|\u00a0\u00bb]RDV sur l&rsquo;e-shop[\/vc_button][\/vc_column][\/vc_row][vc_row][vc_column width=\u00a0\u00bb1\/1&Prime;][uncode_block id=\u00a0\u00bb4836&Prime;][\/vc_column][\/vc_row][vc_row row_height_percent=\u00a0\u00bb0&Prime; override_padding=\u00a0\u00bbyes\u00a0\u00bb h_padding=\u00a0\u00bb0&Prime; top_padding=\u00a0\u00bb0&Prime; bottom_padding=\u00a0\u00bb0&Prime; overlay_alpha=\u00a0\u00bb50&Prime; gutter_size=\u00a0\u00bb3&Prime; column_width_percent=\u00a0\u00bb100&Prime; shift_y=\u00a0\u00bb0&Prime; z_index=\u00a0\u00bb0&Prime;][vc_column width=\u00a0\u00bb1\/1&Prime;][vc_raw_html]JTNDZGl2JTIwY2xhc3MlM0QlMjJtb2RhbC1vdmVybGF5LW1hcnF1ZSUyMiUzRSUzQyUyRmRpdiUzRSUwQSUzQ2RpdiUyMGNsYXNzJTNEJTIybW9kYWwtdGVsZWNoYXJnZXIlMjBtb2RhbC1jYXRhbG9ndWUtaGFuZyUyMiUzRSUwQSUyMCUzQ2RpdiUyMGNsYXNzJTNEJTIybW9kYWwtdGVsZWNoYXJnZXJfX2Nsb3NlJTIyJTNFJTNDJTJGZGl2JTNFJTBBJTIwJTNDZGl2JTIwY2xhc3MlM0QlMjJtb2RhbC10ZWxlY2hhcmdlcl9fY29udGFpbmVyJTIyJTNFJTBBJTIwJTIwJTNDcCUyMGNsYXNzJTNEJTIybW9kYWwtdGVsZWNoYXJnZXJfX3RpdHJlJTIwaDMlMjIlM0VUJUMzJUE5bCVDMyVBOWNoYXJnZXIlM0NiciUzRWxlJTIwY2F0YWxvZ3VlJTIwSGFuZyUyMCUyNiUyMERpc3BsYXklM0MlMkZwJTNFJTBBJTIwJTIwJTVCY29udGFjdC1mb3JtLTclMjBpZCUzRCUyMjU1NzIlMjIlMjB0aXRsZSUzRCUyMlQlQzMlQTlsJUMzJUE5Y2hhcmdlciUyMGxlJTIwY2F0YWxvZ3VlJTIwSGFuZyUyMCUyNiUyMERpc3BsYXklMjIlNUQlMEElMjAlMjAlM0NwJTIwY2xhc3MlM0QlMjJtb2RhbC10ZWxlY2hhcmdlcl9fcmdwZCUyMiUzRVZvcyUyMGRvbm4lQzMlQTllcyUyMHNlcm9udCUyMHRyYWl0JUMzJUE5ZXMlMjBwYXIlMjBJU0QlMjBwb3VyJTIwdm91cyUyMGFzc3VyZXIlMjB1biUyMG1laWxsZXVyJTIwc3VpdmklMjBldCUyMG5lJTIwc2Vyb250JTIwcGFzJTIwY29tbXVuaXF1JUMzJUE5ZXMlMjAlQzMlQTAlMjBkZXMlMjB0aWVycy4lM0MlMkZwJTNFJTBBJTIwJTNDJTJGZGl2JTNFJTBBJTNDJTJGZGl2JTNFJTBBJTBBJTNDc2NyaXB0JTIwdHlwZSUzRCUyMnRleHQlMkZqYXZhc2NyaXB0JTIyJTNFJTBBalF1ZXJ5JTI4JTI3LmRvd25sb2FkLWZpbGUuaGFuZyUyNyUyOS5iaW5kJTI4JTI3Y2xpY2slMjclMkMlMjBmdW5jdGlvbiUyOGUlMjklMjAlN0IlMEElMDllLnByZXZlbnREZWZhdWx0JTI4JTI5JTNCJTBBJTA5alF1ZXJ5JTI4JTI3Lm1vZGFsLW92ZXJsYXktbWFycXVlJTI3JTI5LmFkZENsYXNzJTI4JTI3aXMtdmlzaWJsZSUyNyUyOSUzQiUwQSUwQSUwOSUyRiUyRiUyMENhdGFsb2d1ZSUwQSUwOWlmJTI4alF1ZXJ5JTI4dGhpcyUyOS5oYXNDbGFzcyUyOCUyN2hhbmclMjclMjklMjklMjAlN0IlMEElMDklMDlqUXVlcnklMjglMjcubW9kYWwtY2F0YWxvZ3VlLWhhbmclMjclMjkuYWRkQ2xhc3MlMjglMjdpcy12aXNpYmxlJTI3JTI5JTNCJTBBJTA5JTdEJTBBJTdEJTI5JTNCJTBBJTNDJTJGc2NyaXB0JTNF[\/vc_raw_html][\/vc_column][\/vc_row]<\/p>\n","protected":false},"excerpt":{"rendered":"<p>[vc_row row_height_percent=\u00a0\u00bb0&Prime; override_padding=\u00a0\u00bbyes\u00a0\u00bb h_padding=\u00a0\u00bb3&Prime; top_padding=\u00a0\u00bb4&Prime; bottom_padding=\u00a0\u00bb4&Prime; back_image=\u00a0\u00bb4846&Prime; back_repeat=\u00a0\u00bbno-repeat\u00a0\u00bb back_position=\u00a0\u00bbleft center\u00a0\u00bb overlay_color=\u00a0\u00bbcolor-jevc\u00a0\u00bb overlay_alpha=\u00a0\u00bb0&Prime; gutter_size=\u00a0\u00bb3&Prime; column_width_percent=\u00a0\u00bb100&Prime; shift_y=\u00a0\u00bb0&Prime; z_index=\u00a0\u00bb0&Prime; back_size=\u00a0\u00bbcover\u00a0\u00bb row_height_pixel=\u00a0\u00bb400&Prime;][vc_column column_width_percent=\u00a0\u00bb100&Prime; position_vertical=\u00a0\u00bbmiddle\u00a0\u00bb [&hellip;]<\/p>\n","protected":false},"author":8,"featured_media":0,"parent":0,"menu_order":0,"comment_status":"closed","ping_status":"closed","template":"","meta":[],"aioseo_notices":[],"_links":{"self":[{"href":"https:\/\/www.groupe-isd.fr\/fr\/wp-json\/wp\/v2\/pages\/4842"}],"collection":[{"href":"https:\/\/www.groupe-isd.fr\/fr\/wp-json\/wp\/v2\/pages"}],"about":[{"href":"https:\/\/www.groupe-isd.fr\/fr\/wp-json\/wp\/v2\/types\/page"}],"author":[{"embeddable":true,"href":"https:\/\/www.groupe-isd.fr\/fr\/wp-json\/wp\/v2\/users\/8"}],"replies":[{"embeddable":true,"href":"https:\/\/www.groupe-isd.fr\/fr\/wp-json\/wp\/v2\/comments?post=4842"}],"version-history":[{"count":19,"href":"https:\/\/www.groupe-isd.fr\/fr\/wp-json\/wp\/v2\/pages\/4842\/revisions"}],"predecessor-version":[{"id":5722,"href":"https:\/\/www.groupe-isd.fr\/fr\/wp-json\/wp\/v2\/pages\/4842\/revisions\/5722"}],"wp:attachment":[{"href":"https:\/\/www.groupe-isd.fr\/fr\/wp-json\/wp\/v2\/media?parent=4842"}],"curies":[{"name":"wp","href":"https:\/\/api.w.org\/{rel}","templated":true}]}}