{"id":4805,"date":"2021-05-10T16:57:06","date_gmt":"2021-05-10T14:57:06","guid":{"rendered":"https:\/\/www.groupe-isd.fr\/?page_id=4805"},"modified":"2021-08-18T12:59:02","modified_gmt":"2021-08-18T10:59:02","slug":"flexico","status":"publish","type":"page","link":"https:\/\/www.groupe-isd.fr\/fr\/flexico\/","title":{"rendered":"Flexico PLV"},"content":{"rendered":"<p>[vc_row row_height_percent=\u00a0\u00bb0&Prime; override_padding=\u00a0\u00bbyes\u00a0\u00bb h_padding=\u00a0\u00bb3&Prime; top_padding=\u00a0\u00bb4&Prime; bottom_padding=\u00a0\u00bb4&Prime; back_image=\u00a0\u00bb5614&Prime; back_repeat=\u00a0\u00bbno-repeat\u00a0\u00bb back_position=\u00a0\u00bbcenter center\u00a0\u00bb overlay_color=\u00a0\u00bbcolor-jevc\u00a0\u00bb overlay_alpha=\u00a0\u00bb0&Prime; gutter_size=\u00a0\u00bb3&Prime; column_width_percent=\u00a0\u00bb100&Prime; shift_y=\u00a0\u00bb0&Prime; z_index=\u00a0\u00bb0&Prime; back_size=\u00a0\u00bbcover\u00a0\u00bb row_height_pixel=\u00a0\u00bb400&Prime;][vc_column column_width_percent=\u00a0\u00bb100&Prime; position_vertical=\u00a0\u00bbmiddle\u00a0\u00bb gutter_size=\u00a0\u00bb0&Prime; overlay_alpha=\u00a0\u00bb50&Prime; shift_x=\u00a0\u00bb0&Prime; shift_y=\u00a0\u00bb0&Prime; shift_y_down=\u00a0\u00bb0&Prime; z_index=\u00a0\u00bb0&Prime; medium_width=\u00a0\u00bb0&Prime; mobile_width=\u00a0\u00bb0&Prime; css_animation=\u00a0\u00bbbottom-t-top\u00a0\u00bb animation_speed=\u00a0\u00bb300&Prime; width=\u00a0\u00bb1\/1&Prime;][\/vc_column][\/vc_row][vc_row row_height_percent=\u00a0\u00bb0&Prime; override_padding=\u00a0\u00bbyes\u00a0\u00bb h_padding=\u00a0\u00bb2&Prime; top_padding=\u00a0\u00bb3&Prime; bottom_padding=\u00a0\u00bb3&Prime; overlay_alpha=\u00a0\u00bb50&Prime; gutter_size=\u00a0\u00bb3&Prime; column_width_percent=\u00a0\u00bb100&Prime; shift_y=\u00a0\u00bb0&Prime; z_index=\u00a0\u00bb0&Prime;][vc_column column_width_percent=\u00a0\u00bb70&Prime; align_horizontal=\u00a0\u00bbalign_center\u00a0\u00bb gutter_size=\u00a0\u00bb2&Prime; overlay_alpha=\u00a0\u00bb50&Prime; border_color=\u00a0\u00bbcolor-209865&Prime; border_style=\u00a0\u00bbsolid\u00a0\u00bb shift_x=\u00a0\u00bb0&Prime; shift_y=\u00a0\u00bb0&Prime; shift_y_down=\u00a0\u00bb0&Prime; z_index=\u00a0\u00bb0&Prime; medium_width=\u00a0\u00bb0&Prime; mobile_width=\u00a0\u00bb0&Prime; width=\u00a0\u00bb1\/1&Prime;][vc_single_image media=\u00a0\u00bb5732&Prime; media_width_use_pixel=\u00a0\u00bbyes\u00a0\u00bb alignment=\u00a0\u00bbcenter\u00a0\u00bb media_width_pixel=\u00a0\u00bb442&Prime;][vc_raw_html]JTNDaDElMjBjbGFzcyUzRCUyMm1hcnF1ZS10aXRsZSUyMHRleHQtdHVycXVvaXNlMiUyMiUzRVNwJUMzJUE5Y2lhbGlzdGUlMjByJUMzJUE5ZiVDMyVBOXJlbnQlMjBlbiUyMFBPUyUyQyUyMG1lcmNoYW5kaXNpbmclMjBldCUyMGVuJTIwY29tbXVuaWNhdGlvbiUyMHN1ciUyMGxlJTIwbGlldSUyMGRlJTIwdmVudGUuJTNDJTJGaDElM0U=[\/vc_raw_html][vc_column_text css=\u00a0\u00bb.vc_custom_1622452937510{padding-bottom: 20px !important;}\u00a0\u00bb]Bas\u00e9 en Espagne, Flexico-PLV est pr\u00e9sent dans les secteurs de la PLV, du display, de l\u2019\u00e9tiquetage et du merchandising, depuis 2013. Une \u00e9quipe proactive et dynamique \u00e0 votre service.[\/vc_column_text][vc_button button_color=\u00a0\u00bbcolor-209865&Prime; radius=\u00a0\u00bbbtn-circle\u00a0\u00bb border_width=\u00a0\u00bb0&Prime; link=\u00a0\u00bburl:https%3A%2F%2Fwww.groupe-isd.fr%2Ffr%2Fcontact%2F|title:Contact||\u00a0\u00bb]Nous contacter[\/vc_button][\/vc_column][\/vc_row][vc_row row_height_percent=\u00a0\u00bb0&Prime; override_padding=\u00a0\u00bbyes\u00a0\u00bb h_padding=\u00a0\u00bb2&Prime; top_padding=\u00a0\u00bb3&Prime; bottom_padding=\u00a0\u00bb3&Prime; back_color=\u00a0\u00bbcolor-gyho\u00a0\u00bb overlay_alpha=\u00a0\u00bb50&Prime; gutter_size=\u00a0\u00bb3&Prime; column_width_percent=\u00a0\u00bb100&Prime; shift_y=\u00a0\u00bb0&Prime; z_index=\u00a0\u00bb0&Prime;][vc_column column_width_percent=\u00a0\u00bb100&Prime; align_horizontal=\u00a0\u00bbalign_center\u00a0\u00bb gutter_size=\u00a0\u00bb2&Prime; overlay_alpha=\u00a0\u00bb50&Prime; border_color=\u00a0\u00bbcolor-209865&Prime; border_style=\u00a0\u00bbsolid\u00a0\u00bb shift_x=\u00a0\u00bb0&Prime; shift_y=\u00a0\u00bb0&Prime; shift_y_down=\u00a0\u00bb0&Prime; z_index=\u00a0\u00bb0&Prime; medium_width=\u00a0\u00bb0&Prime; mobile_width=\u00a0\u00bb0&Prime; width=\u00a0\u00bb1\/1&Prime;][vc_raw_html]JTNDaDIlM0VOb3MlMjBjaGlmZnJlcyUyMGNsJUMzJUE5cyUzQyUyRmgyJTNF[\/vc_raw_html][vc_raw_html]JTNDZGl2JTIwY2xhc3MlM0QlMjJub3MtY2hpZmZyZXMlMjIlM0UlMEElMjAlMjAlM0NkaXYlMjBjbGFzcyUzRCUyMml0ZW0lMjBncmVlbiUyMiUzRSUwQSUyMCUyMCUyMCUyMCUzQ3AlM0UwJTNDc3BhbiUyMGNsYXNzJTNEJTIydGV4dC1yb3RhdGUlMjIlM0VjaGlmZnJlJTNDYnIlM0VjbCVDMyVBOSUyMHJzZSUzQyUyRnNwYW4lM0UlM0MlMkZwJTNFJTBBJTIwJTIwJTIwJTIwJTNDcCUzRWQlQzMlQTljaGV0JTIwcGxhc3RpcXVlJTNDYnIlM0VkYW5zJTIwbGVzJTIwYnVyZWF1eCUzQyUyRnAlM0UlMEElMjAlMjAlM0MlMkZkaXYlM0UlMEElMjAlMjAlM0NkaXYlMjBjbGFzcyUzRCUyMml0ZW0lMjIlM0UlMEElMjAlMjAlMjAlMjAlM0NwJTNFNTUwJTNDJTJGcCUzRSUwQSUyMCUyMCUyMCUyMCUzQ3AlM0VjbGllbnRzJTIwYWN0aWZzJTNDJTJGcCUzRSUwQSUyMCUyMCUzQyUyRmRpdiUzRSUwQSUyMCUyMCUzQ2RpdiUyMGNsYXNzJTNEJTIyaXRlbSUyMiUzRSUwQSUyMCUyMCUyMCUyMCUzQ3AlM0U2MDAlM0NzcGFuJTNFVCUzQyUyRnNwYW4lM0UlM0MlMkZwJTNFJTBBJTIwJTIwJTIwJTIwJTNDcCUzRWRlJTIwbWFyY2hhbmRpc2VzJTNDYnIlM0VsaXZyJUMzJUE5ZXMlMjBlbiUyMDIwMjAlM0MlMkZwJTNFJTBBJTIwJTIwJTNDJTJGZGl2JTNFJTBBJTNDJTJGZGl2JTNF[\/vc_raw_html][\/vc_column][\/vc_row][vc_row unlock_row_content=\u00a0\u00bbyes\u00a0\u00bb row_height_percent=\u00a0\u00bb40&Prime; override_padding=\u00a0\u00bbyes\u00a0\u00bb h_padding=\u00a0\u00bb0&Prime; top_padding=\u00a0\u00bb0&Prime; bottom_padding=\u00a0\u00bb0&Prime; overlay_alpha=\u00a0\u00bb50&Prime; equal_height=\u00a0\u00bbyes\u00a0\u00bb gutter_size=\u00a0\u00bb0&Prime; column_width_percent=\u00a0\u00bb100&Prime; shift_y=\u00a0\u00bb0&Prime; z_index=\u00a0\u00bb0&Prime; el_class=\u00a0\u00bbresponsive-container\u00a0\u00bb][vc_column column_width_percent=\u00a0\u00bb100&Prime; align_horizontal=\u00a0\u00bbalign_center\u00a0\u00bb gutter_size=\u00a0\u00bb2&Prime; overlay_alpha=\u00a0\u00bb50&Prime; border_color=\u00a0\u00bbcolor-209865&Prime; border_style=\u00a0\u00bbsolid\u00a0\u00bb shift_x=\u00a0\u00bb0&Prime; shift_y=\u00a0\u00bb0&Prime; shift_y_down=\u00a0\u00bb0&Prime; z_index=\u00a0\u00bb0&Prime; medium_width=\u00a0\u00bb0&Prime; mobile_width=\u00a0\u00bb0&Prime; width=\u00a0\u00bb1\/2&Prime;][vc_single_image media=\u00a0\u00bb5435&Prime; media_width_percent=\u00a0\u00bb100&Prime;][\/vc_column][vc_column column_width_percent=\u00a0\u00bb100&Prime; align_horizontal=\u00a0\u00bbalign_center\u00a0\u00bb gutter_size=\u00a0\u00bb2&Prime; overlay_alpha=\u00a0\u00bb50&Prime; shift_x=\u00a0\u00bb0&Prime; shift_y=\u00a0\u00bb0&Prime; shift_y_down=\u00a0\u00bb0&Prime; z_index=\u00a0\u00bb0&Prime; medium_visibility=\u00a0\u00bbyes\u00a0\u00bb medium_width=\u00a0\u00bb0&Prime; mobile_visibility=\u00a0\u00bbyes\u00a0\u00bb mobile_width=\u00a0\u00bb0&Prime; width=\u00a0\u00bb1\/2&Prime;][vc_single_image media=\u00a0\u00bb5437&Prime; media_width_percent=\u00a0\u00bb100&Prime;][\/vc_column][\/vc_row][vc_row unlock_row_content=\u00a0\u00bbyes\u00a0\u00bb row_height_percent=\u00a0\u00bb40&Prime; override_padding=\u00a0\u00bbyes\u00a0\u00bb h_padding=\u00a0\u00bb0&Prime; top_padding=\u00a0\u00bb0&Prime; bottom_padding=\u00a0\u00bb0&Prime; overlay_alpha=\u00a0\u00bb50&Prime; equal_height=\u00a0\u00bbyes\u00a0\u00bb gutter_size=\u00a0\u00bb0&Prime; column_width_percent=\u00a0\u00bb100&Prime; shift_y=\u00a0\u00bb0&Prime; z_index=\u00a0\u00bb0&Prime; medium_visibility=\u00a0\u00bbyes\u00a0\u00bb mobile_visibility=\u00a0\u00bbyes\u00a0\u00bb el_class=\u00a0\u00bbresponsive-container\u00a0\u00bb][vc_column column_width_percent=\u00a0\u00bb100&Prime; align_horizontal=\u00a0\u00bbalign_center\u00a0\u00bb gutter_size=\u00a0\u00bb2&Prime; back_image=\u00a0\u00bb4819&Prime; back_repeat=\u00a0\u00bbno-repeat\u00a0\u00bb back_position=\u00a0\u00bbcenter center\u00a0\u00bb overlay_alpha=\u00a0\u00bb50&Prime; shift_x=\u00a0\u00bb0&Prime; shift_y=\u00a0\u00bb0&Prime; shift_y_down=\u00a0\u00bb0&Prime; z_index=\u00a0\u00bb0&Prime; medium_width=\u00a0\u00bb0&Prime; mobile_width=\u00a0\u00bb0&Prime; width=\u00a0\u00bb1\/1&Prime; el_class=\u00a0\u00bbcol-6-image\u00a0\u00bb][\/vc_column][\/vc_row][vc_row unlock_row_content=\u00a0\u00bbyes\u00a0\u00bb row_height_percent=\u00a0\u00bb40&Prime; override_padding=\u00a0\u00bbyes\u00a0\u00bb h_padding=\u00a0\u00bb0&Prime; top_padding=\u00a0\u00bb0&Prime; bottom_padding=\u00a0\u00bb0&Prime; overlay_alpha=\u00a0\u00bb50&Prime; equal_height=\u00a0\u00bbyes\u00a0\u00bb gutter_size=\u00a0\u00bb0&Prime; column_width_percent=\u00a0\u00bb100&Prime; shift_y=\u00a0\u00bb0&Prime; z_index=\u00a0\u00bb0&Prime; el_class=\u00a0\u00bbresponsive-container\u00a0\u00bb][vc_column column_width_percent=\u00a0\u00bb100&Prime; align_horizontal=\u00a0\u00bbalign_center\u00a0\u00bb gutter_size=\u00a0\u00bb2&Prime; back_image=\u00a0\u00bb4821&Prime; back_repeat=\u00a0\u00bbno-repeat\u00a0\u00bb back_position=\u00a0\u00bbcenter top\u00a0\u00bb overlay_alpha=\u00a0\u00bb50&Prime; shift_x=\u00a0\u00bb0&Prime; shift_y=\u00a0\u00bb0&Prime; shift_y_down=\u00a0\u00bb0&Prime; z_index=\u00a0\u00bb0&Prime; medium_visibility=\u00a0\u00bbyes\u00a0\u00bb medium_width=\u00a0\u00bb0&Prime; mobile_visibility=\u00a0\u00bbyes\u00a0\u00bb mobile_width=\u00a0\u00bb0&Prime; width=\u00a0\u00bb1\/2&Prime; el_class=\u00a0\u00bbcol-6-image content\u00a0\u00bb][\/vc_column][vc_column column_width_percent=\u00a0\u00bb100&Prime; position_vertical=\u00a0\u00bbmiddle\u00a0\u00bb gutter_size=\u00a0\u00bb2&Prime; override_padding=\u00a0\u00bbyes\u00a0\u00bb column_padding=\u00a0\u00bb2&Prime; overlay_alpha=\u00a0\u00bb50&Prime; border_color=\u00a0\u00bbcolor-209865&Prime; border_style=\u00a0\u00bbsolid\u00a0\u00bb shift_x=\u00a0\u00bb0&Prime; shift_y=\u00a0\u00bb0&Prime; shift_y_down=\u00a0\u00bb0&Prime; z_index=\u00a0\u00bb0&Prime; medium_width=\u00a0\u00bb0&Prime; mobile_width=\u00a0\u00bb0&Prime; width=\u00a0\u00bb1\/2&Prime;][vc_raw_html]JTNDaDIlMjBjbGFzcyUzRCUyMnRleHQtdHVycXVvaXNlMiUyMiUzRU5vdHJlJTIwZXhwZXJ0aXNlJTNDJTJGaDIlM0U=[\/vc_raw_html][vc_column_text]Nos \u00e9quipes vous accompagnement dans vos projets et r\u00e9pondent \u00e0 l&rsquo;ensemble de vos besoins avec r\u00e9activit\u00e9 et expertise. Flexico PLV c&rsquo;est 1100 r\u00e9f\u00e9rences d\u00e9clin\u00e9es dans un catalogue regroupant 8 familles de produits.<\/p>\n<p>\u2022 Supports stop-rayon<br \/>\n\u2022 Potences &amp; porte-frontons<br \/>\n\u2022 Accessoires de suspension<br \/>\n\u2022 Supports affichage prix<br \/>\n\u2022 Accessoires display<br \/>\n\u2022 Solutions merchandising<br \/>\n\u2022 Supports visuels<br \/>\n\u2022 Hang Tabs[\/vc_column_text][vc_raw_html]JTNDcCUyMGNsYXNzJTNEJTIyZGwtdGV4dCUyMiUzRVBvdXIlMjBlbiUyMHNhdm9pciUyMHBsdXMlMkMlMjBjb25zdWx0ZXolMjBub3RyZSUyMGNhdGFsb2d1ZSUzQyUyRnAlM0U=[\/vc_raw_html][vc_button button_color=\u00a0\u00bbcolor-209865&Prime; radius=\u00a0\u00bbbtn-circle\u00a0\u00bb border_width=\u00a0\u00bb0&Prime; el_class=\u00a0\u00bbdownload-file flexico\u00a0\u00bb]T\u00e9l\u00e9charger[\/vc_button][\/vc_column][\/vc_row][vc_row unlock_row_content=\u00a0\u00bbyes\u00a0\u00bb row_height_percent=\u00a0\u00bb40&Prime; override_padding=\u00a0\u00bbyes\u00a0\u00bb h_padding=\u00a0\u00bb0&Prime; top_padding=\u00a0\u00bb0&Prime; bottom_padding=\u00a0\u00bb0&Prime; overlay_alpha=\u00a0\u00bb50&Prime; equal_height=\u00a0\u00bbyes\u00a0\u00bb gutter_size=\u00a0\u00bb0&Prime; column_width_percent=\u00a0\u00bb100&Prime; shift_y=\u00a0\u00bb0&Prime; z_index=\u00a0\u00bb0&Prime; desktop_visibility=\u00a0\u00bbyes\u00a0\u00bb el_class=\u00a0\u00bbresponsive-container\u00a0\u00bb][vc_column column_width_percent=\u00a0\u00bb100&Prime; align_horizontal=\u00a0\u00bbalign_center\u00a0\u00bb gutter_size=\u00a0\u00bb2&Prime; overlay_alpha=\u00a0\u00bb50&Prime; border_color=\u00a0\u00bbcolor-209865&Prime; border_style=\u00a0\u00bbsolid\u00a0\u00bb shift_x=\u00a0\u00bb0&Prime; shift_y=\u00a0\u00bb0&Prime; shift_y_down=\u00a0\u00bb0&Prime; z_index=\u00a0\u00bb0&Prime; medium_visibility=\u00a0\u00bbyes\u00a0\u00bb medium_width=\u00a0\u00bb0&Prime; mobile_visibility=\u00a0\u00bbyes\u00a0\u00bb mobile_width=\u00a0\u00bb0&Prime; width=\u00a0\u00bb1\/2&Prime; el_class=\u00a0\u00bbcol-3-image\u00a0\u00bb][vc_single_image media=\u00a0\u00bb5435&Prime; media_width_percent=\u00a0\u00bb100&Prime;][\/vc_column][vc_column column_width_percent=\u00a0\u00bb100&Prime; align_horizontal=\u00a0\u00bbalign_center\u00a0\u00bb gutter_size=\u00a0\u00bb2&Prime; overlay_alpha=\u00a0\u00bb50&Prime; shift_x=\u00a0\u00bb0&Prime; shift_y=\u00a0\u00bb0&Prime; shift_y_down=\u00a0\u00bb0&Prime; z_index=\u00a0\u00bb0&Prime; medium_width=\u00a0\u00bb0&Prime; mobile_width=\u00a0\u00bb0&Prime; width=\u00a0\u00bb1\/2&Prime;][vc_single_image media=\u00a0\u00bb5437&Prime; media_width_percent=\u00a0\u00bb100&Prime;][\/vc_column][\/vc_row][vc_row row_height_percent=\u00a0\u00bb0&Prime; override_padding=\u00a0\u00bbyes\u00a0\u00bb h_padding=\u00a0\u00bb2&Prime; top_padding=\u00a0\u00bb3&Prime; bottom_padding=\u00a0\u00bb3&Prime; back_color=\u00a0\u00bbcolor-171812&Prime; overlay_alpha=\u00a0\u00bb50&Prime; gutter_size=\u00a0\u00bb3&Prime; column_width_percent=\u00a0\u00bb100&Prime; shift_y=\u00a0\u00bb0&Prime; z_index=\u00a0\u00bb0&Prime;][vc_column column_width_percent=\u00a0\u00bb100&Prime; align_horizontal=\u00a0\u00bbalign_center\u00a0\u00bb gutter_size=\u00a0\u00bb2&Prime; style=\u00a0\u00bbdark\u00a0\u00bb overlay_alpha=\u00a0\u00bb50&Prime; border_color=\u00a0\u00bbcolor-209865&Prime; border_style=\u00a0\u00bbsolid\u00a0\u00bb shift_x=\u00a0\u00bb0&Prime; shift_y=\u00a0\u00bb0&Prime; shift_y_down=\u00a0\u00bb0&Prime; z_index=\u00a0\u00bb0&Prime; medium_width=\u00a0\u00bb0&Prime; mobile_width=\u00a0\u00bb0&Prime; width=\u00a0\u00bb1\/1&Prime;][vc_raw_html]JTNDaDIlM0VOb3RyZSUyMHZhbGV1ciUyMGFqb3V0JUMzJUE5ZSUzQyUyRmgyJTNF[\/vc_raw_html][vc_column_text]Les \u00e9quipes de Flexico-PLV sont \u00e0 votre \u00e9coute et vous accompagnent dans vos projets.<br \/>\nElles s&rsquo;engagent pour vous apporter un service de qualit\u00e9.[\/vc_column_text][vc_raw_html]JTNDZGl2JTIwY2xhc3MlM0QlMjJub3RyZS12YWxldXIlMjIlM0UlMEElMjAlMjAlM0NkaXYlMjBjbGFzcyUzRCUyMml0ZW0lMjIlM0UlMEElMjAlMjAlMjAlMjAlM0NpbWclMjBzcmMlM0QlMjIuLiUyRi4uJTJGd3AtY29udGVudCUyRnVwbG9hZHMlMkYyMDIxJTJGMDUlMkZpY29uX2VjaGFudC5zdmclMjIlMjBhbHQlM0QlMjIlMjIlM0UlMEElMjAlMjAlMjAlMjAlM0NwJTNFJUMzJTg5Y2hhbnRpbGxvbnMlM0NiciUzRWdyYXR1aXRzJTNDJTJGcCUzRSUwQSUyMCUyMCUzQyUyRmRpdiUzRSUwQSUyMCUyMCUzQ2RpdiUyMGNsYXNzJTNEJTIyaXRlbSUyMiUzRSUwQSUyMCUyMCUyMCUyMCUzQ2ltZyUyMHNyYyUzRCUyMi4uJTJGLi4lMkZ3cC1jb250ZW50JTJGdXBsb2FkcyUyRjIwMjElMkYwNSUyRmljb25fc2VydmljZS5zdmclMjIlMjBhbHQlM0QlMjIlMjIlM0UlMEElMjAlMjAlMjAlMjAlM0NwJTNFVW4lMjBzZXJ2aWNlJTIwc2F0aXNmYWl0JTNDYnIlM0VvdSUyMHJlbWJvdXJzJUMzJUE5JTNDJTJGcCUzRSUwQSUyMCUyMCUzQyUyRmRpdiUzRSUwQSUyMCUyMCUzQ2RpdiUyMGNsYXNzJTNEJTIyaXRlbSUyMiUzRSUwQSUyMCUyMCUyMCUyMCUzQ2ltZyUyMHNyYyUzRCUyMi4uJTJGLi4lMkZ3cC1jb250ZW50JTJGdXBsb2FkcyUyRjIwMjElMkYwNSUyRmljb25fY29uc2VpbC5zdmclMjIlMjBhbHQlM0QlMjIlMjIlM0UlMEElMjAlMjAlMjAlMjAlM0NwJTNFVW4lMjBzZXJ2aWNlJTIwY29uc2VpbCUzQ2JyJTNFcGVyc29ubmFsaXMlQzMlQTklM0MlMkZwJTNFJTBBJTIwJTIwJTNDJTJGZGl2JTNFJTBBJTIwJTIwJTNDZGl2JTIwY2xhc3MlM0QlMjJpdGVtJTIyJTNFJTBBJTIwJTIwJTIwJTIwJTNDaW1nJTIwc3JjJTNEJTIyLi4lMkYuLiUyRndwLWNvbnRlbnQlMkZ1cGxvYWRzJTJGMjAyMSUyRjA1JTJGaWNvbl9kZXZpcy5zdmclMjIlMjBhbHQlM0QlMjIlMjIlM0UlMEElMjAlMjAlMjAlMjAlM0NwJTNFVW4lMjBzZXJ2aWNlJTNDYnIlM0VkZXZpcyUyMGVuJTIwNDhoJTNDJTJGcCUzRSUwQSUyMCUyMCUzQyUyRmRpdiUzRSUwQSUzQyUyRmRpdiUzRQ==[\/vc_raw_html][\/vc_column][\/vc_row][vc_row][vc_column width=\u00a0\u00bb1\/1&Prime;][uncode_block id=\u00a0\u00bb4836&Prime;][\/vc_column][\/vc_row][vc_row row_height_percent=\u00a0\u00bb0&Prime; override_padding=\u00a0\u00bbyes\u00a0\u00bb h_padding=\u00a0\u00bb0&Prime; top_padding=\u00a0\u00bb0&Prime; bottom_padding=\u00a0\u00bb0&Prime; overlay_alpha=\u00a0\u00bb50&Prime; gutter_size=\u00a0\u00bb3&Prime; column_width_percent=\u00a0\u00bb100&Prime; shift_y=\u00a0\u00bb0&Prime; z_index=\u00a0\u00bb0&Prime;][vc_column width=\u00a0\u00bb1\/1&Prime;][vc_raw_html]JTNDZGl2JTIwY2xhc3MlM0QlMjJtb2RhbC1vdmVybGF5LW1hcnF1ZSUyMiUzRSUzQyUyRmRpdiUzRSUwQSUzQ2RpdiUyMGNsYXNzJTNEJTIybW9kYWwtdGVsZWNoYXJnZXIlMjBtb2RhbC1jYXRhbG9ndWUtZmxleGljbyUyMiUzRSUwQSUyMCUzQ2RpdiUyMGNsYXNzJTNEJTIybW9kYWwtdGVsZWNoYXJnZXJfX2Nsb3NlJTIyJTNFJTNDJTJGZGl2JTNFJTBBJTIwJTNDZGl2JTIwY2xhc3MlM0QlMjJtb2RhbC10ZWxlY2hhcmdlcl9fY29udGFpbmVyJTIyJTNFJTBBJTIwJTIwJTNDcCUyMGNsYXNzJTNEJTIybW9kYWwtdGVsZWNoYXJnZXJfX3RpdHJlJTIwaDMlMjIlM0VUJUMzJUE5bCVDMyVBOWNoYXJnZXIlM0NiciUzRWxlJTIwY2F0YWxvZ3VlJTIwRmxleGljbyUyMFBMViUzQyUyRnAlM0UlMEElMjAlMjAlNUJjb250YWN0LWZvcm0tNyUyMGlkJTNEJTIyNTU3MSUyMiUyMHRpdGxlJTNEJTIyVCVDMyVBOWwlQzMlQTljaGFyZ2VyJTIwbGUlMjBjYXRhbG9ndWUlMjBGbGV4aWNvJTIwUExWJTIyJTVEJTBBJTIwJTIwJTNDcCUyMGNsYXNzJTNEJTIybW9kYWwtdGVsZWNoYXJnZXJfX3JncGQlMjIlM0VWb3MlMjBkb25uJUMzJUE5ZXMlMjBzZXJvbnQlMjB0cmFpdCVDMyVBOWVzJTIwcGFyJTIwSVNEJTIwcG91ciUyMHZvdXMlMjBhc3N1cmVyJTIwdW4lMjBtZWlsbGV1ciUyMHN1aXZpJTIwZXQlMjBuZSUyMHNlcm9udCUyMHBhcyUyMGNvbW11bmlxdSVDMyVBOWVzJTIwJUMzJUEwJTIwZGVzJTIwdGllcnMuJTNDJTJGcCUzRSUwQSUyMCUzQyUyRmRpdiUzRSUwQSUzQyUyRmRpdiUzRSUwQSUwQSUzQ3NjcmlwdCUyMHR5cGUlM0QlMjJ0ZXh0JTJGamF2YXNjcmlwdCUyMiUzRSUwQWpRdWVyeSUyOCUyNy5kb3dubG9hZC1maWxlLmZsZXhpY28lMjclMjkuYmluZCUyOCUyN2NsaWNrJTI3JTJDJTIwZnVuY3Rpb24lMjhlJTI5JTIwJTdCJTBBJTA5ZS5wcmV2ZW50RGVmYXVsdCUyOCUyOSUzQiUwQSUwOWpRdWVyeSUyOCUyNy5tb2RhbC1vdmVybGF5LW1hcnF1ZSUyNyUyOS5hZGRDbGFzcyUyOCUyN2lzLXZpc2libGUlMjclMjklM0IlMEElMEElMDklMkYlMkYlMjBDYXRhbG9ndWUlMEElMDlpZiUyOGpRdWVyeSUyOHRoaXMlMjkuaGFzQ2xhc3MlMjglMjdmbGV4aWNvJTI3JTI5JTI5JTIwJTdCJTBBJTA5JTA5alF1ZXJ5JTI4JTI3Lm1vZGFsLWNhdGFsb2d1ZS1mbGV4aWNvJTI3JTI5LmFkZENsYXNzJTI4JTI3aXMtdmlzaWJsZSUyNyUyOSUzQiUwQSUwOSU3RCUwQSU3RCUyOSUzQiUwQSUzQyUyRnNjcmlwdCUzRQ==[\/vc_raw_html][\/vc_column][\/vc_row]<\/p>\n","protected":false},"excerpt":{"rendered":"<p>[vc_row row_height_percent=\u00a0\u00bb0&Prime; override_padding=\u00a0\u00bbyes\u00a0\u00bb h_padding=\u00a0\u00bb3&Prime; top_padding=\u00a0\u00bb4&Prime; bottom_padding=\u00a0\u00bb4&Prime; back_image=\u00a0\u00bb5614&Prime; back_repeat=\u00a0\u00bbno-repeat\u00a0\u00bb back_position=\u00a0\u00bbcenter center\u00a0\u00bb overlay_color=\u00a0\u00bbcolor-jevc\u00a0\u00bb overlay_alpha=\u00a0\u00bb0&Prime; gutter_size=\u00a0\u00bb3&Prime; column_width_percent=\u00a0\u00bb100&Prime; shift_y=\u00a0\u00bb0&Prime; z_index=\u00a0\u00bb0&Prime; back_size=\u00a0\u00bbcover\u00a0\u00bb row_height_pixel=\u00a0\u00bb400&Prime;][vc_column column_width_percent=\u00a0\u00bb100&Prime; position_vertical=\u00a0\u00bbmiddle\u00a0\u00bb [&hellip;]<\/p>\n","protected":false},"author":8,"featured_media":0,"parent":0,"menu_order":0,"comment_status":"closed","ping_status":"closed","template":"","meta":[],"aioseo_notices":[],"_links":{"self":[{"href":"https:\/\/www.groupe-isd.fr\/fr\/wp-json\/wp\/v2\/pages\/4805"}],"collection":[{"href":"https:\/\/www.groupe-isd.fr\/fr\/wp-json\/wp\/v2\/pages"}],"about":[{"href":"https:\/\/www.groupe-isd.fr\/fr\/wp-json\/wp\/v2\/types\/page"}],"author":[{"embeddable":true,"href":"https:\/\/www.groupe-isd.fr\/fr\/wp-json\/wp\/v2\/users\/8"}],"replies":[{"embeddable":true,"href":"https:\/\/www.groupe-isd.fr\/fr\/wp-json\/wp\/v2\/comments?post=4805"}],"version-history":[{"count":18,"href":"https:\/\/www.groupe-isd.fr\/fr\/wp-json\/wp\/v2\/pages\/4805\/revisions"}],"predecessor-version":[{"id":5734,"href":"https:\/\/www.groupe-isd.fr\/fr\/wp-json\/wp\/v2\/pages\/4805\/revisions\/5734"}],"wp:attachment":[{"href":"https:\/\/www.groupe-isd.fr\/fr\/wp-json\/wp\/v2\/media?parent=4805"}],"curies":[{"name":"wp","href":"https:\/\/api.w.org\/{rel}","templated":true}]}}