{"id":4771,"date":"2021-05-10T15:48:18","date_gmt":"2021-05-10T13:48:18","guid":{"rendered":"https:\/\/www.groupe-isd.fr\/?page_id=4771"},"modified":"2021-08-18T12:53:53","modified_gmt":"2021-08-18T10:53:53","slug":"all-round","status":"publish","type":"page","link":"https:\/\/www.groupe-isd.fr\/fr\/all-round\/","title":{"rendered":"All-Round"},"content":{"rendered":"<p>[vc_row row_height_percent=\u00a0\u00bb0&Prime; override_padding=\u00a0\u00bbyes\u00a0\u00bb h_padding=\u00a0\u00bb3&Prime; top_padding=\u00a0\u00bb4&Prime; bottom_padding=\u00a0\u00bb4&Prime; back_image=\u00a0\u00bb4776&Prime; back_repeat=\u00a0\u00bbno-repeat\u00a0\u00bb back_position=\u00a0\u00bbcenter center\u00a0\u00bb overlay_color=\u00a0\u00bbcolor-jevc\u00a0\u00bb overlay_alpha=\u00a0\u00bb0&Prime; gutter_size=\u00a0\u00bb3&Prime; column_width_percent=\u00a0\u00bb100&Prime; shift_y=\u00a0\u00bb0&Prime; z_index=\u00a0\u00bb0&Prime; back_size=\u00a0\u00bbcover\u00a0\u00bb row_height_pixel=\u00a0\u00bb400&Prime;][vc_column column_width_percent=\u00a0\u00bb100&Prime; position_vertical=\u00a0\u00bbmiddle\u00a0\u00bb gutter_size=\u00a0\u00bb0&Prime; overlay_alpha=\u00a0\u00bb50&Prime; shift_x=\u00a0\u00bb0&Prime; shift_y=\u00a0\u00bb0&Prime; shift_y_down=\u00a0\u00bb0&Prime; z_index=\u00a0\u00bb0&Prime; medium_width=\u00a0\u00bb0&Prime; mobile_width=\u00a0\u00bb0&Prime; css_animation=\u00a0\u00bbbottom-t-top\u00a0\u00bb animation_speed=\u00a0\u00bb300&Prime; width=\u00a0\u00bb1\/1&Prime;][\/vc_column][\/vc_row][vc_row row_height_percent=\u00a0\u00bb0&Prime; override_padding=\u00a0\u00bbyes\u00a0\u00bb h_padding=\u00a0\u00bb2&Prime; top_padding=\u00a0\u00bb3&Prime; bottom_padding=\u00a0\u00bb3&Prime; overlay_alpha=\u00a0\u00bb50&Prime; gutter_size=\u00a0\u00bb3&Prime; column_width_percent=\u00a0\u00bb100&Prime; shift_y=\u00a0\u00bb0&Prime; z_index=\u00a0\u00bb0&Prime;][vc_column column_width_percent=\u00a0\u00bb75&Prime; align_horizontal=\u00a0\u00bbalign_center\u00a0\u00bb gutter_size=\u00a0\u00bb2&Prime; overlay_alpha=\u00a0\u00bb50&Prime; border_color=\u00a0\u00bbcolor-209865&Prime; border_style=\u00a0\u00bbsolid\u00a0\u00bb shift_x=\u00a0\u00bb0&Prime; shift_y=\u00a0\u00bb0&Prime; shift_y_down=\u00a0\u00bb0&Prime; z_index=\u00a0\u00bb0&Prime; medium_width=\u00a0\u00bb0&Prime; mobile_width=\u00a0\u00bb0&Prime; width=\u00a0\u00bb1\/1&Prime;][vc_single_image media=\u00a0\u00bb5729&Prime; media_width_use_pixel=\u00a0\u00bbyes\u00a0\u00bb alignment=\u00a0\u00bbcenter\u00a0\u00bb media_width_pixel=\u00a0\u00bb411&Prime;][vc_raw_html]JTNDaDElMjBjbGFzcyUzRCUyMm1hcnF1ZS10aXRsZSUyMHRleHQtZ3JlZW4yJTIyJTNFRm91cm5pc3NldXIlMjByJUMzJUE5ZiVDMyVBOXJlbnQlMjBwb3VyJTIwbGVzJTIwcHJvZmVzc2lvbm5lbHMlMjBkZSUyMGxhJTIwUExWJTIwJTI2JTIwZGUlMjBsYSUyMGNvbW11bmljYXRpb24lMjBzdXIlMjBsZSUyMGxpZXUlMjBkZSUyMHZlbnRlLiUzQyUyRmgxJTNF[\/vc_raw_html][vc_column_text]Bas\u00e9 en Belgique, All-Round est pr\u00e9sent dans les secteurs de la PLV, le display, l\u2019\u00e9tiquetage et le merchandising depuis 1987. All-Round travaille aussi pour le retail.[\/vc_column_text][vc_button button_color=\u00a0\u00bbcolor-209865&Prime; radius=\u00a0\u00bbbtn-circle\u00a0\u00bb border_width=\u00a0\u00bb0&Prime; link=\u00a0\u00bburl:https%3A%2F%2Fwww.groupe-isd.fr%2Ffr%2Fcontact%2F|title:Contact||\u00a0\u00bb]Nous contacter[\/vc_button][\/vc_column][\/vc_row][vc_row row_height_percent=\u00a0\u00bb0&Prime; override_padding=\u00a0\u00bbyes\u00a0\u00bb h_padding=\u00a0\u00bb2&Prime; top_padding=\u00a0\u00bb3&Prime; bottom_padding=\u00a0\u00bb3&Prime; back_color=\u00a0\u00bbcolor-gyho\u00a0\u00bb overlay_alpha=\u00a0\u00bb50&Prime; gutter_size=\u00a0\u00bb3&Prime; column_width_percent=\u00a0\u00bb100&Prime; shift_y=\u00a0\u00bb0&Prime; z_index=\u00a0\u00bb0&Prime;][vc_column column_width_percent=\u00a0\u00bb100&Prime; align_horizontal=\u00a0\u00bbalign_center\u00a0\u00bb gutter_size=\u00a0\u00bb2&Prime; overlay_alpha=\u00a0\u00bb50&Prime; border_color=\u00a0\u00bbcolor-209865&Prime; border_style=\u00a0\u00bbsolid\u00a0\u00bb shift_x=\u00a0\u00bb0&Prime; shift_y=\u00a0\u00bb0&Prime; shift_y_down=\u00a0\u00bb0&Prime; z_index=\u00a0\u00bb0&Prime; medium_width=\u00a0\u00bb0&Prime; mobile_width=\u00a0\u00bb0&Prime; width=\u00a0\u00bb1\/1&Prime;][vc_raw_html]JTNDaDIlM0VOb3MlMjBjaGlmZnJlcyUyMGNsJUMzJUE5cyUzQyUyRmgyJTNF[\/vc_raw_html][vc_raw_html]JTNDZGl2JTIwY2xhc3MlM0QlMjJub3MtY2hpZmZyZXMlMjIlM0UlMEElMjAlMjAlM0NkaXYlMjBjbGFzcyUzRCUyMml0ZW0lMjBncmVlbiUyMiUzRSUwQSUyMCUyMCUyMCUyMCUzQ3AlM0UlM0NzcGFuJTNFJTJCJTIwZGUlM0MlMkZzcGFuJTNFJTIwNzAlM0NzcGFuJTIwY2xhc3MlM0QlMjJ0ZXh0LXJvdGF0ZSUyMiUzRWNoaWZmcmUlM0NiciUzRWNsJUMzJUE5JTIwcnNlJTNDJTJGc3BhbiUzRSUzQyUyRnAlM0UlMEElMjAlMjAlMjAlMjAlM0NwJTNFbWlsbGlvbnMlMjBkZSUyMEhhbmclMjB0YWJzJTIwcHJvZHVpdHMlMjBwYXIlMjBhbiUyMGVuJTIwUEVUJTIwcmVjeWNsJUMzJUE5JTNDJTJGcCUzRSUwQSUyMCUyMCUzQyUyRmRpdiUzRSUwQSUyMCUyMCUzQ2RpdiUyMGNsYXNzJTNEJTIyaXRlbSUyMiUzRSUwQSUyMCUyMCUyMCUyMCUzQ3AlM0UxMTAwJTNDc3BhbiUzRUtNJTNDJTJGc3BhbiUzRSUzQyUyRnAlM0UlMEElMjAlMjAlMjAlMjAlM0NwJTNFZGUlMjB0d2lzdGVycyUyMHByb2R1aXRzJTIwcGFyJTIwYW4lM0MlMkZwJTNFJTBBJTIwJTIwJTNDJTJGZGl2JTNFJTBBJTIwJTIwJTNDZGl2JTIwY2xhc3MlM0QlMjJpdGVtJTIyJTNFJTBBJTIwJTIwJTIwJTIwJTNDcCUzRSUzQ3NwYW4lM0UlMkIlMjBkZSUzQyUyRnNwYW4lM0UlMjAxNDAlM0MlMkZwJTNFJTBBJTIwJTIwJTIwJTIwJTNDcCUzRXIlQzMlQTlmJUMzJUE5cmVuY2VzJTIwZGUlMjBIYW5nJTIwdGFicyUzQyUyRnAlM0UlMEElMjAlMjAlM0MlMkZkaXYlM0UlMEElM0MlMkZkaXYlM0U=[\/vc_raw_html][\/vc_column][\/vc_row][vc_row unlock_row_content=\u00a0\u00bbyes\u00a0\u00bb row_height_percent=\u00a0\u00bb40&Prime; override_padding=\u00a0\u00bbyes\u00a0\u00bb h_padding=\u00a0\u00bb0&Prime; top_padding=\u00a0\u00bb0&Prime; bottom_padding=\u00a0\u00bb0&Prime; overlay_alpha=\u00a0\u00bb50&Prime; equal_height=\u00a0\u00bbyes\u00a0\u00bb gutter_size=\u00a0\u00bb0&Prime; column_width_percent=\u00a0\u00bb100&Prime; shift_y=\u00a0\u00bb0&Prime; z_index=\u00a0\u00bb0&Prime; el_class=\u00a0\u00bbresponsive-container\u00a0\u00bb][vc_column column_width_percent=\u00a0\u00bb100&Prime; align_horizontal=\u00a0\u00bbalign_center\u00a0\u00bb gutter_size=\u00a0\u00bb2&Prime; overlay_alpha=\u00a0\u00bb50&Prime; border_color=\u00a0\u00bbcolor-209865&Prime; border_style=\u00a0\u00bbsolid\u00a0\u00bb shift_x=\u00a0\u00bb0&Prime; shift_y=\u00a0\u00bb0&Prime; shift_y_down=\u00a0\u00bb0&Prime; z_index=\u00a0\u00bb0&Prime; medium_width=\u00a0\u00bb0&Prime; mobile_width=\u00a0\u00bb0&Prime; width=\u00a0\u00bb1\/2&Prime; el_class=\u00a0\u00bbcol-3-image\u00a0\u00bb][vc_single_image media=\u00a0\u00bb5418&Prime; media_width_percent=\u00a0\u00bb100&Prime;][\/vc_column][vc_column column_width_percent=\u00a0\u00bb100&Prime; align_horizontal=\u00a0\u00bbalign_center\u00a0\u00bb gutter_size=\u00a0\u00bb2&Prime; overlay_alpha=\u00a0\u00bb50&Prime; shift_x=\u00a0\u00bb0&Prime; shift_y=\u00a0\u00bb0&Prime; shift_y_down=\u00a0\u00bb0&Prime; z_index=\u00a0\u00bb0&Prime; medium_visibility=\u00a0\u00bbyes\u00a0\u00bb medium_width=\u00a0\u00bb0&Prime; mobile_visibility=\u00a0\u00bbyes\u00a0\u00bb mobile_width=\u00a0\u00bb0&Prime; width=\u00a0\u00bb1\/2&Prime; el_class=\u00a0\u00bbcol-3-image\u00a0\u00bb][vc_single_image media=\u00a0\u00bb5420&Prime; media_width_percent=\u00a0\u00bb100&Prime;][\/vc_column][\/vc_row][vc_row unlock_row_content=\u00a0\u00bbyes\u00a0\u00bb row_height_percent=\u00a0\u00bb40&Prime; override_padding=\u00a0\u00bbyes\u00a0\u00bb h_padding=\u00a0\u00bb0&Prime; top_padding=\u00a0\u00bb0&Prime; bottom_padding=\u00a0\u00bb0&Prime; overlay_alpha=\u00a0\u00bb50&Prime; equal_height=\u00a0\u00bbyes\u00a0\u00bb gutter_size=\u00a0\u00bb0&Prime; column_width_percent=\u00a0\u00bb100&Prime; shift_y=\u00a0\u00bb0&Prime; z_index=\u00a0\u00bb0&Prime; el_class=\u00a0\u00bbresponsive-container\u00a0\u00bb][vc_column column_width_percent=\u00a0\u00bb100&Prime; align_horizontal=\u00a0\u00bbalign_center\u00a0\u00bb gutter_size=\u00a0\u00bb2&Prime; back_image=\u00a0\u00bb4790&Prime; back_repeat=\u00a0\u00bbno-repeat\u00a0\u00bb back_position=\u00a0\u00bbcenter top\u00a0\u00bb overlay_alpha=\u00a0\u00bb50&Prime; shift_x=\u00a0\u00bb0&Prime; shift_y=\u00a0\u00bb0&Prime; shift_y_down=\u00a0\u00bb0&Prime; z_index=\u00a0\u00bb0&Prime; medium_visibility=\u00a0\u00bbyes\u00a0\u00bb medium_width=\u00a0\u00bb0&Prime; mobile_visibility=\u00a0\u00bbyes\u00a0\u00bb mobile_width=\u00a0\u00bb0&Prime; width=\u00a0\u00bb1\/2&Prime; el_class=\u00a0\u00bbcol-6-image content\u00a0\u00bb][\/vc_column][vc_column column_width_percent=\u00a0\u00bb100&Prime; position_vertical=\u00a0\u00bbmiddle\u00a0\u00bb gutter_size=\u00a0\u00bb2&Prime; override_padding=\u00a0\u00bbyes\u00a0\u00bb column_padding=\u00a0\u00bb2&Prime; overlay_alpha=\u00a0\u00bb50&Prime; border_color=\u00a0\u00bbcolor-209865&Prime; border_style=\u00a0\u00bbsolid\u00a0\u00bb shift_x=\u00a0\u00bb0&Prime; shift_y=\u00a0\u00bb0&Prime; shift_y_down=\u00a0\u00bb0&Prime; z_index=\u00a0\u00bb0&Prime; medium_width=\u00a0\u00bb0&Prime; mobile_width=\u00a0\u00bb0&Prime; width=\u00a0\u00bb1\/2&Prime;][vc_raw_html]JTNDaDIlMjBjbGFzcyUzRCUyMnRleHQtZ3JlZW4yJTIyJTNFTm90cmUlMjBleHBlcnRpc2UlM0MlMkZoMiUzRQ==[\/vc_raw_html][vc_column_text]Nos \u00e9quipes vous apportent une expertise industrielle et une force de frappe logistique. All round c&rsquo;est plus de 1100 r\u00e9f\u00e9rences disponibles d\u00e9clin\u00e9es autour de 8 familles.<\/p>\n<p>\u2022 Supports stop-rayon<br \/>\n\u2022 Potences &amp; porte-frontons<br \/>\n\u2022 Accessoires de suspension<br \/>\n\u2022 Supports affichage prix<br \/>\n\u2022 Accessoires display<br \/>\n\u2022 Solutions merchandising<br \/>\n\u2022 Supports visuels<br \/>\n\u2022 Hang Tabs[\/vc_column_text][vc_raw_html]JTNDcCUyMGNsYXNzJTNEJTIyZGwtdGV4dCUyMiUzRVBvdXIlMjBlbiUyMHNhdm9pciUyMHBsdXMlMkMlMjBjb25zdWx0ZXolMjBub3RyZSUyMGNhdGFsb2d1ZSUzQyUyRnAlM0U=[\/vc_raw_html][vc_button button_color=\u00a0\u00bbcolor-209865&Prime; radius=\u00a0\u00bbbtn-circle\u00a0\u00bb border_width=\u00a0\u00bb0&Prime; el_class=\u00a0\u00bbdownload-file allround\u00a0\u00bb]T\u00e9l\u00e9charger[\/vc_button][\/vc_column][\/vc_row][vc_row unlock_row_content=\u00a0\u00bbyes\u00a0\u00bb row_height_percent=\u00a0\u00bb40&Prime; override_padding=\u00a0\u00bbyes\u00a0\u00bb h_padding=\u00a0\u00bb0&Prime; top_padding=\u00a0\u00bb0&Prime; bottom_padding=\u00a0\u00bb0&Prime; overlay_alpha=\u00a0\u00bb50&Prime; equal_height=\u00a0\u00bbyes\u00a0\u00bb gutter_size=\u00a0\u00bb0&Prime; column_width_percent=\u00a0\u00bb100&Prime; shift_y=\u00a0\u00bb0&Prime; z_index=\u00a0\u00bb0&Prime; desktop_visibility=\u00a0\u00bbyes\u00a0\u00bb el_class=\u00a0\u00bbresponsive-container\u00a0\u00bb][vc_column column_width_percent=\u00a0\u00bb100&Prime; align_horizontal=\u00a0\u00bbalign_center\u00a0\u00bb gutter_size=\u00a0\u00bb2&Prime; overlay_alpha=\u00a0\u00bb50&Prime; border_color=\u00a0\u00bbcolor-209865&Prime; border_style=\u00a0\u00bbsolid\u00a0\u00bb shift_x=\u00a0\u00bb0&Prime; shift_y=\u00a0\u00bb0&Prime; shift_y_down=\u00a0\u00bb0&Prime; z_index=\u00a0\u00bb0&Prime; desktop_visibility=\u00a0\u00bbyes\u00a0\u00bb medium_visibility=\u00a0\u00bbyes\u00a0\u00bb medium_width=\u00a0\u00bb0&Prime; mobile_visibility=\u00a0\u00bbyes\u00a0\u00bb mobile_width=\u00a0\u00bb0&Prime; width=\u00a0\u00bb1\/2&Prime; el_class=\u00a0\u00bbcol-3-image\u00a0\u00bb][\/vc_column][vc_column column_width_percent=\u00a0\u00bb100&Prime; align_horizontal=\u00a0\u00bbalign_center\u00a0\u00bb gutter_size=\u00a0\u00bb2&Prime; overlay_alpha=\u00a0\u00bb50&Prime; shift_x=\u00a0\u00bb0&Prime; shift_y=\u00a0\u00bb0&Prime; shift_y_down=\u00a0\u00bb0&Prime; z_index=\u00a0\u00bb0&Prime; desktop_visibility=\u00a0\u00bbyes\u00a0\u00bb medium_width=\u00a0\u00bb0&Prime; mobile_width=\u00a0\u00bb0&Prime; width=\u00a0\u00bb1\/2&Prime; el_class=\u00a0\u00bbcol-3-image\u00a0\u00bb][vc_single_image media=\u00a0\u00bb5420&Prime; media_width_percent=\u00a0\u00bb100&Prime;][\/vc_column][\/vc_row][vc_row row_height_percent=\u00a0\u00bb0&Prime; override_padding=\u00a0\u00bbyes\u00a0\u00bb h_padding=\u00a0\u00bb2&Prime; top_padding=\u00a0\u00bb3&Prime; bottom_padding=\u00a0\u00bb3&Prime; back_color=\u00a0\u00bbcolor-150773&Prime; overlay_alpha=\u00a0\u00bb50&Prime; gutter_size=\u00a0\u00bb3&Prime; column_width_percent=\u00a0\u00bb100&Prime; shift_y=\u00a0\u00bb0&Prime; z_index=\u00a0\u00bb0&Prime;][vc_column column_width_percent=\u00a0\u00bb100&Prime; align_horizontal=\u00a0\u00bbalign_center\u00a0\u00bb gutter_size=\u00a0\u00bb2&Prime; style=\u00a0\u00bbdark\u00a0\u00bb overlay_alpha=\u00a0\u00bb50&Prime; border_color=\u00a0\u00bbcolor-209865&Prime; border_style=\u00a0\u00bbsolid\u00a0\u00bb shift_x=\u00a0\u00bb0&Prime; shift_y=\u00a0\u00bb0&Prime; shift_y_down=\u00a0\u00bb0&Prime; z_index=\u00a0\u00bb0&Prime; medium_width=\u00a0\u00bb0&Prime; mobile_width=\u00a0\u00bb0&Prime; width=\u00a0\u00bb1\/1&Prime;][vc_raw_html]JTNDaDIlM0VOb3RyZSUyMHZhbGV1ciUyMGFqb3V0JUMzJUE5ZSUzQyUyRmgyJTNF[\/vc_raw_html][vc_column_text]Fabricant historique de Hang Tabs depuis 1992, All-Round a su se diversifier en produisant dans ses ateliers et pour l&rsquo;ensemble du Groupe des twisters, des wobblers et des porte-\u00e9tiquettes standards et sur-mesure.[\/vc_column_text][vc_raw_html]JTNDZGl2JTIwY2xhc3MlM0QlMjJub3RyZS12YWxldXIlMjIlM0UlMEElMjAlMjAlM0NkaXYlMjBjbGFzcyUzRCUyMml0ZW0lMjIlM0UlMEElMjAlMjAlMjAlMjAlM0NpbWclMjBzcmMlM0QlMjIuLiUyRi4uJTJGd3AtY29udGVudCUyRnVwbG9hZHMlMkYyMDIxJTJGMDUlMkZpY29uX2hhbmd0YWIuc3ZnJTIyJTIwYWx0JTNEJTIyJTIyJTNFJTBBJTIwJTIwJTIwJTIwJTNDcCUzRU5vdXZlbGxlJTIwZ2FtbWUlMjBkZSUzQ2JyJTNFSGFuZyUyMHRhYiUyMGVuJTIwY2FydG9uJTNDJTJGcCUzRSUwQSUyMCUyMCUzQyUyRmRpdiUzRSUwQSUyMCUyMCUzQ2RpdiUyMGNsYXNzJTNEJTIyaXRlbSUyMiUzRSUwQSUyMCUyMCUyMCUyMCUzQ2ltZyUyMHNyYyUzRCUyMi4uJTJGLi4lMkZ3cC1jb250ZW50JTJGdXBsb2FkcyUyRjIwMjElMkYwNSUyRmljb25fdHdpc3Rlci5zdmclMjIlMjBhbHQlM0QlMjIlMjIlM0UlMEElMjAlMjAlMjAlMjAlM0NwJTNFVHdpc3RlciUyMGQlQzMlQTlmb3JtYWJsZSUzQ2JyJTNFJUMzJUEwJTIwdm9sb250JUMzJUE5JTNDJTJGcCUzRSUwQSUyMCUyMCUzQyUyRmRpdiUzRSUwQSUyMCUyMCUzQ2RpdiUyMGNsYXNzJTNEJTIyaXRlbSUyMiUzRSUwQSUyMCUyMCUyMCUyMCUzQ2ltZyUyMHNyYyUzRCUyMi4uJTJGLi4lMkZ3cC1jb250ZW50JTJGdXBsb2FkcyUyRjIwMjElMkYwNSUyRmljb25fd29iYmxlci5zdmclMjIlMjBhbHQlM0QlMjIlMjIlM0UlMEElMjAlMjAlMjAlMjAlM0NwJTNFV29iYmxlciUyMENPTkRJVElPTk4lQzMlODklMjBlbiUyMGZldWlsbGUlM0NiciUzRXBvdXIlMjB1biUyMGdhaW4lMjBkZSUyMHRlbXBzJTIwZGUlMjBwb3NlJTNDJTJGcCUzRSUwQSUyMCUyMCUzQyUyRmRpdiUzRSUwQSUyMCUyMCUzQ2RpdiUyMGNsYXNzJTNEJTIyaXRlbSUyMiUzRSUwQSUyMCUyMCUyMCUyMCUzQ2ltZyUyMHNyYyUzRCUyMi4uJTJGLi4lMkZ3cC1jb250ZW50JTJGdXBsb2FkcyUyRjIwMjElMkYwNSUyRmljb25fcG9ydGVldGlxLnN2ZyUyMiUyMGFsdCUzRCUyMiUyMiUzRSUwQSUyMCUyMCUyMCUyMCUzQ3AlM0VQb3J0ZS0lQzMlQTl0aXF1ZXR0ZSUzQ2JyJTNFc3VyLW1lc3VyZSUyMHBvc3NpYmxlJTNDJTJGcCUzRSUwQSUyMCUyMCUzQyUyRmRpdiUzRSUwQSUzQyUyRmRpdiUzRQ==[\/vc_raw_html][vc_button button_color=\u00a0\u00bbcolor-209865&Prime; radius=\u00a0\u00bbbtn-circle\u00a0\u00bb border_width=\u00a0\u00bb0&Prime; link=\u00a0\u00bburl:https%3A%2F%2Fwww.all-round.be%2F||target:%20_blank|\u00a0\u00bb]RDV sur l&rsquo;e-shop[\/vc_button][\/vc_column][\/vc_row][vc_row row_height_percent=\u00a0\u00bb0&Prime; override_padding=\u00a0\u00bbyes\u00a0\u00bb h_padding=\u00a0\u00bb0&Prime; top_padding=\u00a0\u00bb0&Prime; bottom_padding=\u00a0\u00bb0&Prime; overlay_alpha=\u00a0\u00bb50&Prime; gutter_size=\u00a0\u00bb3&Prime; column_width_percent=\u00a0\u00bb100&Prime; shift_y=\u00a0\u00bb0&Prime; z_index=\u00a0\u00bb0&Prime;][vc_column width=\u00a0\u00bb1\/1&Prime;][uncode_block id=\u00a0\u00bb4836&Prime;][\/vc_column][\/vc_row][vc_row unlock_row_content=\u00a0\u00bbyes\u00a0\u00bb row_height_percent=\u00a0\u00bb0&Prime; override_padding=\u00a0\u00bbyes\u00a0\u00bb h_padding=\u00a0\u00bb0&Prime; top_padding=\u00a0\u00bb0&Prime; bottom_padding=\u00a0\u00bb0&Prime; overlay_alpha=\u00a0\u00bb50&Prime; gutter_size=\u00a0\u00bb3&Prime; column_width_percent=\u00a0\u00bb100&Prime; shift_y=\u00a0\u00bb0&Prime; z_index=\u00a0\u00bb0&Prime;][vc_column column_width_percent=\u00a0\u00bb100&Prime; gutter_size=\u00a0\u00bb0&Prime; overlay_alpha=\u00a0\u00bb50&Prime; shift_x=\u00a0\u00bb0&Prime; shift_y=\u00a0\u00bb0&Prime; shift_y_down=\u00a0\u00bb0&Prime; z_index=\u00a0\u00bb0&Prime; medium_width=\u00a0\u00bb0&Prime; mobile_width=\u00a0\u00bb0&Prime; width=\u00a0\u00bb1\/1&Prime;][vc_raw_html]JTNDZGl2JTIwY2xhc3MlM0QlMjJtb2RhbC1vdmVybGF5LW1hcnF1ZSUyMiUzRSUzQyUyRmRpdiUzRSUwQSUzQ2RpdiUyMGNsYXNzJTNEJTIybW9kYWwtdGVsZWNoYXJnZXIlMjBtb2RhbC1jYXRhbG9ndWUtYWxscm91bmQlMjIlM0UlMEElMjAlM0NkaXYlMjBjbGFzcyUzRCUyMm1vZGFsLXRlbGVjaGFyZ2VyX19jbG9zZSUyMiUzRSUzQyUyRmRpdiUzRSUwQSUyMCUzQ2RpdiUyMGNsYXNzJTNEJTIybW9kYWwtdGVsZWNoYXJnZXJfX2NvbnRhaW5lciUyMiUzRSUwQSUyMCUyMCUzQ3AlMjBjbGFzcyUzRCUyMm1vZGFsLXRlbGVjaGFyZ2VyX190aXRyZSUyMGgzJTIyJTNFVCVDMyVBOWwlQzMlQTljaGFyZ2VyJTNDYnIlM0VsZSUyMGNhdGFsb2d1ZSUyMEFsbC1Sb3VuZCUzQyUyRnAlM0UlMEElMjAlMjAlNUJjb250YWN0LWZvcm0tNyUyMGlkJTNEJTIyNTU2OSUyMiUyMHRpdGxlJTNEJTIyVCVDMyVBOWwlQzMlQTljaGFyZ2VyJTIwbGUlMjBjYXRhbG9ndWUlMjBBbGxyb3VuZCUyMiU1RCUwQSUyMCUyMCUzQ3AlMjBjbGFzcyUzRCUyMm1vZGFsLXRlbGVjaGFyZ2VyX19yZ3BkJTIyJTNFVm9zJTIwZG9ubiVDMyVBOWVzJTIwc2Vyb250JTIwdHJhaXQlQzMlQTllcyUyMHBhciUyMElTRCUyMHBvdXIlMjB2b3VzJTIwYXNzdXJlciUyMHVuJTIwbWVpbGxldXIlMjBzdWl2aSUyMGV0JTIwbmUlMjBzZXJvbnQlMjBwYXMlMjBjb21tdW5pcXUlQzMlQTllcyUyMCVDMyVBMCUyMGRlcyUyMHRpZXJzLiUzQyUyRnAlM0UlMEElMjAlM0MlMkZkaXYlM0UlMEElM0MlMkZkaXYlM0UlMEElMEElM0NzY3JpcHQlMjB0eXBlJTNEJTIydGV4dCUyRmphdmFzY3JpcHQlMjIlM0UlMEFqUXVlcnklMjglMjcuZG93bmxvYWQtZmlsZS5hbGxyb3VuZCUyNyUyOS5iaW5kJTI4JTI3Y2xpY2slMjclMkMlMjBmdW5jdGlvbiUyOGUlMjklMjAlN0IlMEElMDllLnByZXZlbnREZWZhdWx0JTI4JTI5JTNCJTBBJTA5alF1ZXJ5JTI4JTI3Lm1vZGFsLW92ZXJsYXktbWFycXVlJTI3JTI5LmFkZENsYXNzJTI4JTI3aXMtdmlzaWJsZSUyNyUyOSUzQiUwQSUwQSUwOSUyRiUyRiUyMENhdGFsb2d1ZSUwQSUwOWlmJTI4alF1ZXJ5JTI4dGhpcyUyOS5oYXNDbGFzcyUyOCUyN2FsbHJvdW5kJTI3JTI5JTI5JTIwJTdCJTBBJTA5JTA5alF1ZXJ5JTI4JTI3Lm1vZGFsLWNhdGFsb2d1ZS1hbGxyb3VuZCUyNyUyOS5hZGRDbGFzcyUyOCUyN2lzLXZpc2libGUlMjclMjklM0IlMEElMDklN0QlMEElN0QlMjklM0IlMEElM0MlMkZzY3JpcHQlM0U=[\/vc_raw_html][\/vc_column][\/vc_row]<\/p>\n","protected":false},"excerpt":{"rendered":"<p>[vc_row row_height_percent=\u00a0\u00bb0&Prime; override_padding=\u00a0\u00bbyes\u00a0\u00bb h_padding=\u00a0\u00bb3&Prime; top_padding=\u00a0\u00bb4&Prime; bottom_padding=\u00a0\u00bb4&Prime; back_image=\u00a0\u00bb4776&Prime; back_repeat=\u00a0\u00bbno-repeat\u00a0\u00bb back_position=\u00a0\u00bbcenter center\u00a0\u00bb overlay_color=\u00a0\u00bbcolor-jevc\u00a0\u00bb overlay_alpha=\u00a0\u00bb0&Prime; gutter_size=\u00a0\u00bb3&Prime; column_width_percent=\u00a0\u00bb100&Prime; shift_y=\u00a0\u00bb0&Prime; z_index=\u00a0\u00bb0&Prime; back_size=\u00a0\u00bbcover\u00a0\u00bb row_height_pixel=\u00a0\u00bb400&Prime;][vc_column column_width_percent=\u00a0\u00bb100&Prime; position_vertical=\u00a0\u00bbmiddle\u00a0\u00bb [&hellip;]<\/p>\n","protected":false},"author":8,"featured_media":0,"parent":0,"menu_order":0,"comment_status":"closed","ping_status":"closed","template":"","meta":[],"aioseo_notices":[],"_links":{"self":[{"href":"https:\/\/www.groupe-isd.fr\/fr\/wp-json\/wp\/v2\/pages\/4771"}],"collection":[{"href":"https:\/\/www.groupe-isd.fr\/fr\/wp-json\/wp\/v2\/pages"}],"about":[{"href":"https:\/\/www.groupe-isd.fr\/fr\/wp-json\/wp\/v2\/types\/page"}],"author":[{"embeddable":true,"href":"https:\/\/www.groupe-isd.fr\/fr\/wp-json\/wp\/v2\/users\/8"}],"replies":[{"embeddable":true,"href":"https:\/\/www.groupe-isd.fr\/fr\/wp-json\/wp\/v2\/comments?post=4771"}],"version-history":[{"count":29,"href":"https:\/\/www.groupe-isd.fr\/fr\/wp-json\/wp\/v2\/pages\/4771\/revisions"}],"predecessor-version":[{"id":5731,"href":"https:\/\/www.groupe-isd.fr\/fr\/wp-json\/wp\/v2\/pages\/4771\/revisions\/5731"}],"wp:attachment":[{"href":"https:\/\/www.groupe-isd.fr\/fr\/wp-json\/wp\/v2\/media?parent=4771"}],"curies":[{"name":"wp","href":"https:\/\/api.w.org\/{rel}","templated":true}]}}