{"id":3,"date":"2020-07-22T14:55:10","date_gmt":"2020-07-22T12:55:10","guid":{"rendered":"https:\/\/www.groupe-isd.fr\/?page_id=3"},"modified":"2022-02-22T14:24:07","modified_gmt":"2022-02-22T13:24:07","slug":"politique-de-confidentialite","status":"publish","type":"page","link":"https:\/\/www.groupe-isd.fr\/fr\/politique-de-confidentialite\/","title":{"rendered":"Politique de confidentialit\u00e9"},"content":{"rendered":"\r\n<h2><strong>POLITIQUE DE PROTECTION DES DONNEES PERSONNELLES<\/strong><\/h2>\r\n<p>&nbsp;<\/p>\r\n<p>La soci\u00e9t\u00e9 In Store Display est soucieuse de la protection des donn\u00e9es personnelles. Nous nous engageons \u00e0 assurer le meilleur niveau de protection de vos donn\u00e9es personnelles en conformit\u00e9 avec les r\u00e9glementations europ\u00e9ennes et fran\u00e7aises qui lui sont applicables. Pour toute information sur la protection des donn\u00e9es personnelles, vous pouvez \u00e9galement consulter le site de la Commission Informatique et Libert\u00e9 <a href=\"http:\/\/www.cnil.fr\">www.cnil.fr<\/a>.<\/p>\r\n<p><strong>Qui collecte les donn\u00e9es ?<\/strong><\/p>\r\n<p>Le responsable de traitement est la soci\u00e9t\u00e9 qui d\u00e9finit la mani\u00e8re dont sont utilis\u00e9es vos donn\u00e9es personnelles, et pour quel usage.<br \/>Les donn\u00e9es personnelles collect\u00e9es sur le site www.groupe-isd.fr et sont trait\u00e9es par :<br \/>La soci\u00e9t\u00e9 In Store Display<\/p>\r\n<p>15 rue Georges M\u00e9li\u00e8s<\/p>\r\n<p>ZAC des Bois Rochefort<\/p>\r\n<p>95240 CORMEILLES-EN-PARISIS<br \/>France<br \/>T\u00e9l. : +33(0) 1 30 25 88 50<br \/>Email\u00a0:\u00a0<a href=\"mailto:contact@isd.solutions\">contact@isd.solutions<\/a><\/p>\r\n<p><strong>Donn\u00e9es personnelles<\/strong><\/p>\r\n<p style=\"font-weight: 400;\">Chacun des formulaires pr\u00e9sents sur ce Site pr\u00e9cise si les donn\u00e9es sont obligatoires ou facultatives. Les informations recueillies font l\u2019objet d\u2019un traitement informatique pour les besoins et pour les finalit\u00e9s indiqu\u00e9es dans les formulaires.<\/p>\r\n<p style=\"font-weight: 400;\">Conform\u00e9ment \u00e0 la loi du 6 janvier 1978 relative \u00e0 l\u2019informatique, aux fichiers et aux libert\u00e9s, vous disposez d\u2019un droit d\u2019acc\u00e8s, de rectification, d\u2019opposition et de suppression des donn\u00e9es personnelles que vous aurez communiqu\u00e9es en renseignant les formulaires pr\u00e9sents sur le Site. Vous disposez en outre d\u2019un droit \u00e0 la portabilit\u00e9 et \u00e0 la limitation de vos donn\u00e9es. Vous pouvez retirer \u00e0 tout moment votre consentement au traitement de vos donn\u00e9es personnelles lorsque celui-ci est fond\u00e9 sur ledit consentement, et ce, sans porter atteinte \u00e0 la lic\u00e9it\u00e9 du traitement effectu\u00e9 avant ce retrait. Vous pourrez exercer ces droits en vous adressant \u00e0 la soci\u00e9t\u00e9 In Store Display \u2013 15 rue Georges M\u00e9li\u00e8s \u2013 ZAC des Bois Rochefort \u2013 95240 Cormeilles-en-Parisis. Vous pouvez \u00e9galement introduire une r\u00e9clamation aupr\u00e8s de la CNIL.<\/p>\r\n<p>Les personnes ayant sollicit\u00e9 la radiation des donn\u00e9es les concernant ne pourront pr\u00e9tendre obtenir tous les services ou offres propos\u00e9s lorsque ces donn\u00e9es sont n\u00e9cessaires au traitement de leurs demandes.<br \/>Les informations collect\u00e9es sont destin\u00e9es \u00e0 l\u2019usage exclusif de la soci\u00e9t\u00e9 In Store Display.<\/p>\r\n<p><strong>Cookies<\/strong><\/p>\r\n<p>Lors de la connexion \u00e0 notre site, des informations relatives \u00e0 la navigation de votre terminal (ordinateur, tablette, smartphone, etc.) sur notre site sont susceptibles d\u2019\u00eatre enregistr\u00e9es dans des fichiers \u00ab Cookies \u00bb install\u00e9s sur votre terminal, sous r\u00e9serve des choix que vous auriez exprim\u00e9s concernant les Cookies et que vous pouvez modifier \u00e0 tout moment. Seul l\u2019\u00e9metteur d\u2019un cookie est susceptible de lire ou de modifier des informations qui y sont contenues.<\/p>\r\n<p>Les cookies que nous \u00e9mettons nous permettent par exemple :<\/p>\r\n<ul>\r\n<li>d\u2019\u00e9tablir des statistiques sur la fr\u00e9quentation et l\u2019utilisation de notre site,<\/li>\r\n<li>d\u2019enregistrer des informations relatives \u00e0 un formulaire rempli sur notre site (cr\u00e9ation de compte, passage d\u2019une commande afin de pouvoir acc\u00e9der \u00e0 votre espace personnel \u2026)<\/li>\r\n<li>d\u2019am\u00e9liorer l\u2019exp\u00e9rience de navigation et d\u2019utilisation de notre site Internet,<\/li>\r\n<li>d\u2019adapter nos publicit\u00e9s \u00e0 vos besoins et centres d\u2019int\u00e9r\u00eat sur nos sites.<\/li>\r\n<\/ul>\r\n<p>La dur\u00e9e de conservation des cookies implant\u00e9s sur notre site peut aller de deux semaines \u00e0 24 mois (pour Google Analytics par exemple).<\/p>\r\n<p><strong>Quelles donn\u00e9es ?<\/strong><\/p>\r\n<p>Nous collectons et traitons notamment vos nom, pr\u00e9nom, adresse, adresse email, mot de passe, num\u00e9ro de t\u00e9l\u00e9phone, adresse IP, donn\u00e9es de connexions et donn\u00e9es de navigation, historiques de commandes, pr\u00e9f\u00e9rences et centres d\u2019int\u00e9r\u00eats, produits consult\u00e9s, incidents de livraisons, r\u00e9clamations, suivi des connexions, historique des recherches. Dans certains cas, nous pouvons collecter des donn\u00e9es de localisation par exemple pour vous indiquer le magasin le plus proche de chez vous.<br \/>Le caract\u00e8re obligatoire ou facultatif des donn\u00e9es vous est signal\u00e9 lors de la collecte par un ast\u00e9risque. Certaines donn\u00e9es sont collect\u00e9es automatiquement du fait de vos actions sur le site, d\u2019autres informations peuvent \u00eatre transmises par des partenaires.<\/p>\r\n<p><strong>Votre choix concernant les cookies<\/strong><\/p>\r\n<p>Vous pouvez faire le choix \u00e0 tout moment d\u2019exprimer et de modifier vos souhaits en mati\u00e8re de cookies, par les moyens d\u00e9crits ci-dessous. Vous pouvez configurer votre navigateur internet de mani\u00e8re \u00e0 ce que des cookies soient enregistr\u00e9s ou qu\u2019ils soient rejet\u00e9s, soit syst\u00e9matiquement, soit selon leur \u00e9metteur. Nous vous incitons \u00e0 aller voir sur le site Internet de votre navigateur internet pour en savoir plus sur ce sujet.<\/p>\r\n<p>Pour de plus amples informations sur les cookies, y compris pour d\u00e9terminer quels cookies ont \u00e9t\u00e9 install\u00e9s sur votre appareil et comment les g\u00e9rer et les supprimer, vous pouvez visiter le site www.allaboutcookies.org et <a href=\"http:\/\/www.youronlinechoices.eu\">www.youronlinechoices.eu<\/a>.<\/p>\r\n<p><strong>Communications que vous pouvez recevoir<\/strong><\/p>\r\n<ul>\r\n<li>Emails de service : \u00e0 la suite d\u2019une commande vous recevrez un email vous permettant de suivre votre commande (confirmation de commande, information sur la livraison de votre colis\u2026 ) Ces messages de service sont n\u00e9cessaires \u00e0 la bonne ex\u00e9cution des commandes et services que vous avez sollicit\u00e9s.<\/li>\r\n<\/ul>\r\n<p>&nbsp;<\/p>\r\n","protected":false},"excerpt":{"rendered":"<p>POLITIQUE DE PROTECTION DES DONNEES PERSONNELLES &nbsp; La soci\u00e9t\u00e9 In Store Display est soucieuse de la protection des donn\u00e9es personnelles. [&hellip;]<\/p>\n","protected":false},"author":8,"featured_media":0,"parent":0,"menu_order":0,"comment_status":"closed","ping_status":"closed","template":"","meta":[],"aioseo_notices":[],"_links":{"self":[{"href":"https:\/\/www.groupe-isd.fr\/fr\/wp-json\/wp\/v2\/pages\/3"}],"collection":[{"href":"https:\/\/www.groupe-isd.fr\/fr\/wp-json\/wp\/v2\/pages"}],"about":[{"href":"https:\/\/www.groupe-isd.fr\/fr\/wp-json\/wp\/v2\/types\/page"}],"author":[{"embeddable":true,"href":"https:\/\/www.groupe-isd.fr\/fr\/wp-json\/wp\/v2\/users\/8"}],"replies":[{"embeddable":true,"href":"https:\/\/www.groupe-isd.fr\/fr\/wp-json\/wp\/v2\/comments?post=3"}],"version-history":[{"count":3,"href":"https:\/\/www.groupe-isd.fr\/fr\/wp-json\/wp\/v2\/pages\/3\/revisions"}],"predecessor-version":[{"id":5826,"href":"https:\/\/www.groupe-isd.fr\/fr\/wp-json\/wp\/v2\/pages\/3\/revisions\/5826"}],"wp:attachment":[{"href":"https:\/\/www.groupe-isd.fr\/fr\/wp-json\/wp\/v2\/media?parent=3"}],"curies":[{"name":"wp","href":"https:\/\/api.w.org\/{rel}","templated":true}]}}