{"id":1238,"date":"2020-08-25T10:39:13","date_gmt":"2020-08-25T08:39:13","guid":{"rendered":"https:\/\/www.groupe-isd.fr\/?page_id=1238"},"modified":"2021-08-18T14:14:55","modified_gmt":"2021-08-18T12:14:55","slug":"nous-rejoindre","status":"publish","type":"page","link":"https:\/\/www.groupe-isd.fr\/fr\/nous-rejoindre\/","title":{"rendered":"Nous rejoindre"},"content":{"rendered":"<p>[vc_row unlock_row_content=\u00a0\u00bbyes\u00a0\u00bb row_height_percent=\u00a0\u00bb50&Prime; override_padding=\u00a0\u00bbyes\u00a0\u00bb h_padding=\u00a0\u00bb3&Prime; top_padding=\u00a0\u00bb2&Prime; bottom_padding=\u00a0\u00bb2&Prime; back_image=\u00a0\u00bb4986&Prime; back_position=\u00a0\u00bbcenter center\u00a0\u00bb overlay_color=\u00a0\u00bbcolor-jevc\u00a0\u00bb overlay_alpha=\u00a0\u00bb10&Prime; equal_height=\u00a0\u00bbyes\u00a0\u00bb gutter_size=\u00a0\u00bb0&Prime; column_width_percent=\u00a0\u00bb100&Prime; shift_y=\u00a0\u00bb0&Prime; z_index=\u00a0\u00bb0&Prime;][vc_column column_width_percent=\u00a0\u00bb75&Prime; position_horizontal=\u00a0\u00bbleft\u00a0\u00bb position_vertical=\u00a0\u00bbmiddle\u00a0\u00bb gutter_size=\u00a0\u00bb0&Prime; style=\u00a0\u00bbdark\u00a0\u00bb overlay_alpha=\u00a0\u00bb50&Prime; shift_x=\u00a0\u00bb0&Prime; shift_y=\u00a0\u00bb0&Prime; shift_y_down=\u00a0\u00bb0&Prime; z_index=\u00a0\u00bb0&Prime; medium_width=\u00a0\u00bb0&Prime; mobile_width=\u00a0\u00bb0&Prime; width=\u00a0\u00bb1\/1&Prime;][vc_raw_html]JTNDZGl2JTIwY2xhc3MlM0QlMjJwYWdlLXRpdGxlJTIwd2hpdGUlMjIlM0UlMEElM0NoMSUzRU5vdXMlMjByZWpvaW5kcmUlM0MlMkZoMSUzRSUwQSUzQ3AlMjBjbGFzcyUzRCUyMnRpbnklMjIlM0VTaSUyMHZvdXMlMjBzb3VoYWl0ZXolMkMlMjB2b3VzJTIwYXVzc2klMkMlMjBhcHBvcnRlciUyMHZvdHJlJTIwZXhwJUMzJUE5cmllbmNlJTIwYXUlMjBzZXJ2aWNlJTIwZGUlMjBub3MlMjBjbGllbnRzJTIwZXQlMjBmYWlyZSUyMHBhcnRpZSUwQWRlJTIwbCVFMiU4MCU5OWlubm92YXRpb24lMjBkZSUyMGRlbWFpbiUyQyUyMHJlam9pZ25lei1ub3VzJTIwJTIxJTNDJTJGcCUzRSUwQSUzQyUyRmRpdiUzRQ==[\/vc_raw_html][\/vc_column][\/vc_row][vc_row unlock_row_content=\u00a0\u00bbyes\u00a0\u00bb row_height_percent=\u00a0\u00bb50&Prime; override_padding=\u00a0\u00bbyes\u00a0\u00bb h_padding=\u00a0\u00bb0&Prime; top_padding=\u00a0\u00bb0&Prime; bottom_padding=\u00a0\u00bb0&Prime; overlay_color=\u00a0\u00bbcolor-jevc\u00a0\u00bb overlay_alpha=\u00a0\u00bb40&Prime; equal_height=\u00a0\u00bbyes\u00a0\u00bb gutter_size=\u00a0\u00bb0&Prime; column_width_percent=\u00a0\u00bb100&Prime; shift_y=\u00a0\u00bb0&Prime; z_index=\u00a0\u00bb0&Prime; el_class=\u00a0\u00bbresponsive-container\u00a0\u00bb][vc_column column_width_percent=\u00a0\u00bb100&Prime; gutter_size=\u00a0\u00bb3&Prime; back_image=\u00a0\u00bb4988&Prime; back_repeat=\u00a0\u00bbno-repeat\u00a0\u00bb back_position=\u00a0\u00bbcenter center\u00a0\u00bb overlay_alpha=\u00a0\u00bb50&Prime; shift_x=\u00a0\u00bb0&Prime; shift_y=\u00a0\u00bb0&Prime; shift_y_down=\u00a0\u00bb0&Prime; z_index=\u00a0\u00bb0&Prime; medium_width=\u00a0\u00bb0&Prime; mobile_width=\u00a0\u00bb0&Prime; width=\u00a0\u00bb1\/2&Prime; el_class=\u00a0\u00bbcol-6-image\u00a0\u00bb][\/vc_column][vc_column column_width_percent=\u00a0\u00bb100&Prime; position_vertical=\u00a0\u00bbmiddle\u00a0\u00bb gutter_size=\u00a0\u00bb2&Prime; override_padding=\u00a0\u00bbyes\u00a0\u00bb column_padding=\u00a0\u00bb5&Prime; style=\u00a0\u00bblight\u00a0\u00bb back_color=\u00a0\u00bbcolor-xsdn\u00a0\u00bb overlay_alpha=\u00a0\u00bb50&Prime; shift_x=\u00a0\u00bb0&Prime; shift_y=\u00a0\u00bb0&Prime; shift_y_down=\u00a0\u00bb0&Prime; z_index=\u00a0\u00bb0&Prime; medium_width=\u00a0\u00bb0&Prime; mobile_width=\u00a0\u00bb0&Prime; width=\u00a0\u00bb1\/2&Prime;][vc_custom_heading text_weight=\u00a0\u00bb700&Prime; text_color=\u00a0\u00bbcolor-142494&Prime; sub_reduced=\u00a0\u00bbyes\u00a0\u00bb css_animation=\u00a0\u00bbcurtain-words\u00a0\u00bb]<span style=\"color: #223654;\">Avan\u00e7ons ensemble<\/span>[\/vc_custom_heading][vc_column_text css_animation=\u00a0\u00bbbottom-t-top\u00a0\u00bb]Depuis plus de 50 ans, nous concevons, fabriquons<br \/>\net distribuons des solutions innovantes<br \/>\net durables visant \u00e0 renforcer l\u2019exp\u00e9rience<br \/>\nd\u2019achat du consommateur[\/vc_column_text][vc_button button_color=\u00a0\u00bbcolor-142494&Prime; size=\u00a0\u00bbbtn-lg\u00a0\u00bb radius=\u00a0\u00bbbtn-circle\u00a0\u00bb outline=\u00a0\u00bbyes\u00a0\u00bb border_width=\u00a0\u00bb0&Prime; css_animation=\u00a0\u00bbbottom-t-top\u00a0\u00bb link=\u00a0\u00bburl:https%3A%2F%2Fwww.groupe-isd.fr%2Ffr%2Fnotre-groupe%2F|title:Sitour||\u00a0\u00bb]En savoir plus[\/vc_button][\/vc_column][\/vc_row][vc_row unlock_row_content=\u00a0\u00bbyes\u00a0\u00bb row_height_percent=\u00a0\u00bb50&Prime; override_padding=\u00a0\u00bbyes\u00a0\u00bb h_padding=\u00a0\u00bb0&Prime; top_padding=\u00a0\u00bb0&Prime; bottom_padding=\u00a0\u00bb0&Prime; overlay_color=\u00a0\u00bbcolor-jevc\u00a0\u00bb overlay_alpha=\u00a0\u00bb40&Prime; equal_height=\u00a0\u00bbyes\u00a0\u00bb gutter_size=\u00a0\u00bb0&Prime; column_width_percent=\u00a0\u00bb100&Prime; shift_y=\u00a0\u00bb0&Prime; z_index=\u00a0\u00bb0&Prime; el_class=\u00a0\u00bbresponsive-container\u00a0\u00bb][vc_column column_width_percent=\u00a0\u00bb100&Prime; position_vertical=\u00a0\u00bbmiddle\u00a0\u00bb gutter_size=\u00a0\u00bb2&Prime; override_padding=\u00a0\u00bbyes\u00a0\u00bb column_padding=\u00a0\u00bb5&Prime; style=\u00a0\u00bbdark\u00a0\u00bb back_color=\u00a0\u00bbcolor-209865&Prime; overlay_alpha=\u00a0\u00bb0&Prime; shift_x=\u00a0\u00bb0&Prime; shift_y=\u00a0\u00bb0&Prime; shift_y_down=\u00a0\u00bb0&Prime; z_index=\u00a0\u00bb0&Prime; medium_width=\u00a0\u00bb0&Prime; mobile_width=\u00a0\u00bb0&Prime; width=\u00a0\u00bb1\/2&Prime;][vc_custom_heading text_weight=\u00a0\u00bb700&Prime; sub_reduced=\u00a0\u00bbyes\u00a0\u00bb css_animation=\u00a0\u00bbcurtain-words\u00a0\u00bb]Innovons ensemble[\/vc_custom_heading][vc_column_text css_animation=\u00a0\u00bbbottom-t-top\u00a0\u00bb]Des \u00e9quipes de sp\u00e9cialistes issues de la distribution<br \/>\nou des marques avec une m\u00eame passion commune : l\u2019exp\u00e9rience client. Gr\u00e2ce \u00e0 leurs expertises sp\u00e9cifiques,<br \/>\n\u00e0 leur savoir-faire et leur proactivit\u00e9, ces ambassadeurs contribuent pleinement au rayonnement du groupe ISD[\/vc_column_text][\/vc_column][vc_column column_width_percent=\u00a0\u00bb100&Prime; gutter_size=\u00a0\u00bb3&Prime; back_image=\u00a0\u00bb4990&Prime; back_repeat=\u00a0\u00bbno-repeat\u00a0\u00bb back_position=\u00a0\u00bbcenter center\u00a0\u00bb overlay_alpha=\u00a0\u00bb50&Prime; shift_x=\u00a0\u00bb0&Prime; shift_y=\u00a0\u00bb0&Prime; shift_y_down=\u00a0\u00bb0&Prime; z_index=\u00a0\u00bb0&Prime; medium_width=\u00a0\u00bb0&Prime; mobile_width=\u00a0\u00bb0&Prime; width=\u00a0\u00bb1\/2&Prime; el_class=\u00a0\u00bbcol-6-image\u00a0\u00bb][\/vc_column][\/vc_row][vc_row unlock_row_content=\u00a0\u00bbyes\u00a0\u00bb row_height_percent=\u00a0\u00bb50&Prime; override_padding=\u00a0\u00bbyes\u00a0\u00bb h_padding=\u00a0\u00bb0&Prime; top_padding=\u00a0\u00bb0&Prime; bottom_padding=\u00a0\u00bb0&Prime; overlay_color=\u00a0\u00bbcolor-jevc\u00a0\u00bb overlay_alpha=\u00a0\u00bb40&Prime; equal_height=\u00a0\u00bbyes\u00a0\u00bb gutter_size=\u00a0\u00bb0&Prime; column_width_percent=\u00a0\u00bb100&Prime; shift_y=\u00a0\u00bb0&Prime; z_index=\u00a0\u00bb0&Prime; el_class=\u00a0\u00bbresponsive-container\u00a0\u00bb][vc_column column_width_percent=\u00a0\u00bb100&Prime; gutter_size=\u00a0\u00bb3&Prime; back_image=\u00a0\u00bb4992&Prime; back_repeat=\u00a0\u00bbno-repeat\u00a0\u00bb back_position=\u00a0\u00bbcenter center\u00a0\u00bb overlay_alpha=\u00a0\u00bb50&Prime; shift_x=\u00a0\u00bb0&Prime; shift_y=\u00a0\u00bb0&Prime; shift_y_down=\u00a0\u00bb0&Prime; z_index=\u00a0\u00bb0&Prime; medium_width=\u00a0\u00bb0&Prime; mobile_visibility=\u00a0\u00bbyes\u00a0\u00bb mobile_width=\u00a0\u00bb0&Prime; width=\u00a0\u00bb1\/2&Prime; el_class=\u00a0\u00bbcol-6-image\u00a0\u00bb][\/vc_column][vc_column column_width_percent=\u00a0\u00bb100&Prime; position_vertical=\u00a0\u00bbmiddle\u00a0\u00bb gutter_size=\u00a0\u00bb2&Prime; override_padding=\u00a0\u00bbyes\u00a0\u00bb column_padding=\u00a0\u00bb5&Prime; style=\u00a0\u00bblight\u00a0\u00bb back_color=\u00a0\u00bbcolor-xsdn\u00a0\u00bb overlay_alpha=\u00a0\u00bb50&Prime; shift_x=\u00a0\u00bb0&Prime; shift_y=\u00a0\u00bb0&Prime; shift_y_down=\u00a0\u00bb0&Prime; z_index=\u00a0\u00bb0&Prime; medium_width=\u00a0\u00bb0&Prime; mobile_width=\u00a0\u00bb0&Prime; width=\u00a0\u00bb1\/2&Prime;][vc_custom_heading text_weight=\u00a0\u00bb700&Prime; text_color=\u00a0\u00bbcolor-142494&Prime; sub_reduced=\u00a0\u00bbyes\u00a0\u00bb css_animation=\u00a0\u00bbcurtain-words\u00a0\u00bb]<span style=\"color: #223654;\">Engag\u00e9s dans<\/span><br \/>\n<span style=\"color: #223654;\">une d\u00e9marche RSE<\/span>[\/vc_custom_heading][vc_column_text css_animation=\u00a0\u00bbbottom-t-top\u00a0\u00bb]ISD est engag\u00e9 dans une d\u00e9marche RSE<br \/>\ndepuis de nombreuses ann\u00e9es.<br \/>\nNos d\u00e9marches \u00e9co-citoyennes ne sont<br \/>\npas que des mots mais des actions concr\u00e8tes<br \/>\net quotidiennes[\/vc_column_text][vc_button button_color=\u00a0\u00bbcolor-142494&Prime; size=\u00a0\u00bbbtn-lg\u00a0\u00bb radius=\u00a0\u00bbbtn-circle\u00a0\u00bb outline=\u00a0\u00bbyes\u00a0\u00bb border_width=\u00a0\u00bb0&Prime; css_animation=\u00a0\u00bbbottom-t-top\u00a0\u00bb link=\u00a0\u00bburl:https%3A%2F%2Fwww.groupe-isd.fr%2Ffr%2Fnos-engagements%2F|title:Sitour||\u00a0\u00bb]D\u00e9couvrez nos engagements[\/vc_button][\/vc_column][\/vc_row][vc_row unlock_row_content=\u00a0\u00bbyes\u00a0\u00bb row_height_percent=\u00a0\u00bb50&Prime; override_padding=\u00a0\u00bbyes\u00a0\u00bb h_padding=\u00a0\u00bb0&Prime; top_padding=\u00a0\u00bb0&Prime; bottom_padding=\u00a0\u00bb0&Prime; back_color=\u00a0\u00bbcolor-lxmt\u00a0\u00bb overlay_alpha=\u00a0\u00bb40&Prime; equal_height=\u00a0\u00bbyes\u00a0\u00bb gutter_size=\u00a0\u00bb0&Prime; column_width_percent=\u00a0\u00bb100&Prime; shift_y=\u00a0\u00bb0&Prime; z_index=\u00a0\u00bb0&Prime; el_class=\u00a0\u00bbresponsive-container fullw\u00a0\u00bb][vc_column column_width_percent=\u00a0\u00bb100&Prime; position_vertical=\u00a0\u00bbmiddle\u00a0\u00bb align_horizontal=\u00a0\u00bbalign_center\u00a0\u00bb gutter_size=\u00a0\u00bb3&Prime; override_padding=\u00a0\u00bbyes\u00a0\u00bb column_padding=\u00a0\u00bb5&Prime; style=\u00a0\u00bblight\u00a0\u00bb overlay_alpha=\u00a0\u00bb50&Prime; shift_x=\u00a0\u00bb0&Prime; shift_y=\u00a0\u00bb0&Prime; shift_y_down=\u00a0\u00bb0&Prime; z_index=\u00a0\u00bb0&Prime; medium_width=\u00a0\u00bb0&Prime; mobile_width=\u00a0\u00bb0&Prime; width=\u00a0\u00bb1\/1&Prime;][vc_custom_heading text_weight=\u00a0\u00bb700&Prime; text_color=\u00a0\u00bbcolor-142494&Prime; sub_reduced=\u00a0\u00bbyes\u00a0\u00bb css_animation=\u00a0\u00bbcurtain-words\u00a0\u00bb]<span style=\"color: #223654;\">Nos opportunit\u00e9s r\u00e9centes<\/span>[\/vc_custom_heading][vc_row_inner limit_content=\u00a0\u00bb\u00a0\u00bb][vc_column_inner width=\u00a0\u00bb1\/1&Prime;][uncode_index el_id=\u00a0\u00bbindex-147994&Prime; loop=\u00a0\u00bbsize:3|order_by:date|post_type:offresemploi\u00a0\u00bb infinite=\u00a0\u00bbyes\u00a0\u00bb infinite_button=\u00a0\u00bbyes\u00a0\u00bb infinite_hover_fx=\u00a0\u00bboutlined\u00a0\u00bb infinite_button_outline=\u00a0\u00bbyes\u00a0\u00bb infinite_button_shape=\u00a0\u00bbbtn-circle\u00a0\u00bb infinite_button_color=\u00a0\u00bbcolor-444479&Prime; gutter_size=\u00a0\u00bb3&Prime; offresemploi_items=\u00a0\u00bbtitle,text|excerpt,link|circle|small_size|outline_inv\u00a0\u00bb screen_lg=\u00a0\u00bb1000&Prime; screen_md=\u00a0\u00bb600&Prime; screen_sm=\u00a0\u00bb480&Prime; single_back_color=\u00a0\u00bbcolor-xsdn\u00a0\u00bb single_overlay_opacity=\u00a0\u00bb50&Prime; single_padding=\u00a0\u00bb2&Prime; single_title_semantic=\u00a0\u00bbh2&Prime; single_title_dimension=\u00a0\u00bbh4&Prime; single_title_weight=\u00a0\u00bb700&Prime; single_border=\u00a0\u00bbyes\u00a0\u00bb single_css_animation=\u00a0\u00bbbottom-t-top\u00a0\u00bb infinite_button_text=\u00a0\u00bbD\u00e9couvrez toutes nos offres\u00a0\u00bb][\/vc_column_inner][\/vc_row_inner][\/vc_column][\/vc_row][vc_row unlock_row_content=\u00a0\u00bbyes\u00a0\u00bb row_height_percent=\u00a0\u00bb50&Prime; override_padding=\u00a0\u00bbyes\u00a0\u00bb h_padding=\u00a0\u00bb0&Prime; top_padding=\u00a0\u00bb0&Prime; bottom_padding=\u00a0\u00bb0&Prime; overlay_alpha=\u00a0\u00bb40&Prime; equal_height=\u00a0\u00bbyes\u00a0\u00bb gutter_size=\u00a0\u00bb0&Prime; column_width_percent=\u00a0\u00bb100&Prime; shift_y=\u00a0\u00bb0&Prime; z_index=\u00a0\u00bb0&Prime; el_class=\u00a0\u00bbresponsive-container fullw\u00a0\u00bb][vc_column column_width_percent=\u00a0\u00bb100&Prime; position_vertical=\u00a0\u00bbmiddle\u00a0\u00bb gutter_size=\u00a0\u00bb3&Prime; override_padding=\u00a0\u00bbyes\u00a0\u00bb column_padding=\u00a0\u00bb5&Prime; style=\u00a0\u00bblight\u00a0\u00bb overlay_alpha=\u00a0\u00bb50&Prime; shift_x=\u00a0\u00bb0&Prime; shift_y=\u00a0\u00bb0&Prime; shift_y_down=\u00a0\u00bb0&Prime; z_index=\u00a0\u00bb0&Prime; medium_width=\u00a0\u00bb0&Prime; mobile_width=\u00a0\u00bb0&Prime; width=\u00a0\u00bb1\/1&Prime;][vc_column_text css_animation=\u00a0\u00bbbottom-t-top\u00a0\u00bb el_class=\u00a0\u00bbform-rejoindre__title\u00a0\u00bb]<span style=\"color: #223654;\">Aucune de ces opportunit\u00e9s<\/span><br \/>\n<span style=\"color: #223654;\">ne correspond \u00e0 votre recherche ?<\/span><br \/>\n<span style=\"color: #223654;\"><strong>Partagez-nous votre candidature<br \/>\nspontan\u00e9e en quelques clics<\/strong><\/span>[\/vc_column_text]<div role=\"form\" class=\"wpcf7\" id=\"wpcf7-f1256-o1\" lang=\"fr-FR\" dir=\"ltr\">\n<div class=\"screen-reader-response\"><p role=\"status\" aria-live=\"polite\" aria-atomic=\"true\"><\/p> <ul><\/ul><\/div>\n<form action=\"\/fr\/wp-json\/wp\/v2\/pages\/1238#wpcf7-f1256-o1\" method=\"post\" class=\"wpcf7-form init\" enctype=\"multipart\/form-data\" novalidate=\"novalidate\" data-status=\"init\">\n<div style=\"display: none;\">\n<input type=\"hidden\" name=\"_wpcf7\" value=\"1256\" \/>\n<input type=\"hidden\" name=\"_wpcf7_version\" value=\"5.5.4\" \/>\n<input type=\"hidden\" name=\"_wpcf7_locale\" value=\"fr_FR\" \/>\n<input type=\"hidden\" name=\"_wpcf7_unit_tag\" value=\"wpcf7-f1256-o1\" \/>\n<input type=\"hidden\" name=\"_wpcf7_container_post\" value=\"0\" \/>\n<input type=\"hidden\" name=\"_wpcf7_posted_data_hash\" value=\"\" \/>\n<input type=\"hidden\" name=\"_wpcf7_recaptcha_response\" value=\"\" \/>\n<\/div>\n<div class=\"join-us__form\">\n<div class=\"join-us__container\">\n<div class=\"join-us__name\">\n<p class=\"input-field\">\n        <label>Votre nom*<\/label><br \/>\n        <span class=\"wpcf7-form-control-wrap nom\"><input type=\"text\" name=\"nom\" value=\"\" size=\"40\" class=\"wpcf7-form-control wpcf7-text wpcf7-validates-as-required\" aria-required=\"true\" aria-invalid=\"false\" placeholder=\"Nom\" \/><\/span>\n      <\/p>\n<p class=\"input-field\">\n        <label>Votre pr\u00e9nom*<\/label><br \/>\n        <span class=\"wpcf7-form-control-wrap prenom\"><input type=\"text\" name=\"prenom\" value=\"\" size=\"40\" class=\"wpcf7-form-control wpcf7-text wpcf7-validates-as-required\" aria-required=\"true\" aria-invalid=\"false\" placeholder=\"Pr\u00e9nom\" \/><\/span>\n      <\/p>\n<p class=\"input-field\">\n        <label>Votre e-mail*<\/label><br \/>\n        <span class=\"wpcf7-form-control-wrap email\"><input type=\"email\" name=\"email\" value=\"\" size=\"40\" class=\"wpcf7-form-control wpcf7-text wpcf7-email wpcf7-validates-as-required wpcf7-validates-as-email\" aria-required=\"true\" aria-invalid=\"false\" placeholder=\"E-mail\" \/><\/span>\n      <\/p>\n<\/div>\n<p><!-- \/join-us__name --><\/p>\n<div class=\"join-us__job\">\n<p class=\"input-field\">\n        <label>Type de candidature*<\/label><br \/>\n        <span class=\"wpcf7-form-control-wrap type\"><select name=\"type\" class=\"wpcf7-form-control wpcf7-select wpcf7-validates-as-required\" aria-required=\"true\" aria-invalid=\"false\"><option value=\"Candidature spontan\u00e9e\">Candidature spontan\u00e9e<\/option><\/select><\/span>\n      <\/p>\n<p class=\"input-field\">\n        <label>Fonction souhait\u00e9e*<\/label><br \/>\n        <span class=\"wpcf7-form-control-wrap poste\"><select name=\"poste\" class=\"wpcf7-form-control wpcf7-select wpcf7-validates-as-required\" aria-required=\"true\" aria-invalid=\"false\"><option value=\"Commercial\">Commercial<\/option><option value=\"Autres\">Autres<\/option><\/select><\/span>\n      <\/p>\n<\/div>\n<p><!-- \/join-us__job --><\/p>\n<div class=\"join-us__situation\">\n<p class=\"input-field\">\n        <label>\u00cates-vous actuellement en poste ?*<\/label><br \/>\n        <span class=\"wpcf7-form-control-wrap en_poste\"><span class=\"wpcf7-form-control wpcf7-radio\"><span class=\"wpcf7-list-item first\"><input type=\"radio\" name=\"en_poste\" value=\"Oui\" \/><span class=\"wpcf7-list-item-label\">Oui<\/span><\/span><span class=\"wpcf7-list-item last\"><input type=\"radio\" name=\"en_poste\" value=\"Non\" \/><span class=\"wpcf7-list-item-label\">Non<\/span><\/span><\/span><\/span>\n      <\/p>\n<\/div>\n<p><!-- \/join-us__situation --><\/p>\n<p class=\"label\">Votre r\u00e9mun\u00e9ration actuelle ou derni\u00e8re r\u00e9mun\u00e9ration<\/p>\n<div class=\"join-us__remuneration\">\n<p class=\"input-field\">\n        <span class=\"sub-label\">Fixe mensuel :*<\/span><br \/>\n        <span class=\"wpcf7-form-control-wrap remuneration-mensuelle\"><input type=\"text\" name=\"remuneration-mensuelle\" value=\"\" size=\"40\" class=\"wpcf7-form-control wpcf7-text wpcf7-validates-as-required\" aria-required=\"true\" aria-invalid=\"false\" \/><\/span>\n      <\/p>\n<p class=\"input-field\">\n        <!--<span class=\"sub-label\">sur<\/span>--><br \/>\n        <span class=\"input-months\">sur <span class=\"wpcf7-form-control-wrap par-mois\"><input type=\"number\" name=\"par-mois\" value=\"1\" class=\"wpcf7-form-control wpcf7-number wpcf7-validates-as-number\" min=\"1\" max=\"12\" aria-invalid=\"false\" \/><\/span> mois*<\/span>\n      <\/p>\n<p class=\"input-field\">\n        <span class=\"sub-label\">Variable annuel :*<\/span><br \/>\n        <span class=\"wpcf7-form-control-wrap remuneration-annuelle\"><input type=\"text\" name=\"remuneration-annuelle\" value=\"\" size=\"40\" class=\"wpcf7-form-control wpcf7-text wpcf7-validates-as-required\" aria-required=\"true\" aria-invalid=\"false\" \/><\/span>\n      <\/p>\n<p class=\"input-field\">\n        <span class=\"sub-label\">Soit r\u00e9mun\u00e9ration brute annuelle totale :*<\/span><br \/>\n        <span class=\"wpcf7-form-control-wrap remuneration-annuelle-totale\"><input type=\"text\" name=\"remuneration-annuelle-totale\" value=\"\" size=\"40\" class=\"wpcf7-form-control wpcf7-text\" aria-invalid=\"false\" \/><\/span>\n      <\/p>\n<p class=\"input-field\">\n        <span class=\"sub-label\">Accord de participation*<\/span><br \/>\n        <span class=\"wpcf7-form-control-wrap participation\"><span class=\"wpcf7-form-control wpcf7-radio\"><span class=\"wpcf7-list-item first\"><input type=\"radio\" name=\"participation\" value=\"Oui\" \/><span class=\"wpcf7-list-item-label\">Oui<\/span><\/span><span class=\"wpcf7-list-item last\"><input type=\"radio\" name=\"participation\" value=\"Non\" \/><span class=\"wpcf7-list-item-label\">Non<\/span><\/span><\/span><\/span>\n      <\/p>\n<p class=\"input-field\">\n        <span class=\"sub-label\">Accord d'int\u00e9ressement*<\/span><br \/>\n        <span class=\"wpcf7-form-control-wrap interessement\"><span class=\"wpcf7-form-control wpcf7-radio\"><span class=\"wpcf7-list-item first\"><input type=\"radio\" name=\"interessement\" value=\"Oui\" \/><span class=\"wpcf7-list-item-label\">Oui<\/span><\/span><span class=\"wpcf7-list-item last\"><input type=\"radio\" name=\"interessement\" value=\"Non\" \/><span class=\"wpcf7-list-item-label\">Non<\/span><\/span><\/span><\/span>\n      <\/p>\n<\/div>\n<p><!-- \/join-us__remuneration --><\/p>\n<div class=\"join-us__message\">\n<p class=\"textarea-field\">\n        <label>Comment connaissez-vous notre entreprise ?*<\/label><br \/>\n        <span class=\"wpcf7-form-control-wrap message\"><textarea name=\"message\" cols=\"40\" rows=\"10\" class=\"wpcf7-form-control wpcf7-textarea wpcf7-validates-as-required\" aria-required=\"true\" aria-invalid=\"false\"><\/textarea><\/span>\n      <\/p>\n<\/div>\n<p><!-- \/join-us__message --><\/p>\n<\/div>\n<p><!-- \/join-us__container --><\/p>\n<div class=\"submit__container\">\n<p class=\"file-field\">\n      <span class=\"label\">Votre CV (pdf, doc, docx) :<\/span><br \/>\n      <label for=\"file\" class=\"inputfile__label\"><span>Choisir un fichier<\/span><\/label><br \/>\n      <span class=\"wpcf7-form-control-wrap fichier\"><input type=\"file\" name=\"fichier\" size=\"40\" class=\"wpcf7-form-control wpcf7-file inputfile\" id=\"file\" accept=\".pdf,.doc,.docx\" aria-invalid=\"false\" \/><\/span>\n    <\/p>\n<p class=\"submit-field\"><input type=\"submit\" value=\"Envoyer\" class=\"wpcf7-form-control has-spinner wpcf7-submit\" \/><\/p>\n<\/div>\n<p><!-- \/submit__container --><\/p>\n<p class=\"required-text\">* Mentions obligatoires<\/p>\n<\/div>\n<p><!-- \/join-us__form --><\/p>\n<div class=\"wpcf7-response-output\" aria-hidden=\"true\"><\/div><\/form><\/div>[\/vc_column][\/vc_row]<\/p>\n","protected":false},"excerpt":{"rendered":"<p>[vc_row unlock_row_content=\u00a0\u00bbyes\u00a0\u00bb row_height_percent=\u00a0\u00bb50&Prime; override_padding=\u00a0\u00bbyes\u00a0\u00bb h_padding=\u00a0\u00bb3&Prime; top_padding=\u00a0\u00bb2&Prime; bottom_padding=\u00a0\u00bb2&Prime; back_image=\u00a0\u00bb4986&Prime; back_position=\u00a0\u00bbcenter center\u00a0\u00bb overlay_color=\u00a0\u00bbcolor-jevc\u00a0\u00bb overlay_alpha=\u00a0\u00bb10&Prime; equal_height=\u00a0\u00bbyes\u00a0\u00bb gutter_size=\u00a0\u00bb0&Prime; column_width_percent=\u00a0\u00bb100&Prime; shift_y=\u00a0\u00bb0&Prime; z_index=\u00a0\u00bb0&Prime;][vc_column column_width_percent=\u00a0\u00bb75&Prime; position_horizontal=\u00a0\u00bbleft\u00a0\u00bb position_vertical=\u00a0\u00bbmiddle\u00a0\u00bb [&hellip;]<\/p>\n","protected":false},"author":8,"featured_media":0,"parent":0,"menu_order":0,"comment_status":"closed","ping_status":"closed","template":"","meta":[],"aioseo_notices":[],"_links":{"self":[{"href":"https:\/\/www.groupe-isd.fr\/fr\/wp-json\/wp\/v2\/pages\/1238"}],"collection":[{"href":"https:\/\/www.groupe-isd.fr\/fr\/wp-json\/wp\/v2\/pages"}],"about":[{"href":"https:\/\/www.groupe-isd.fr\/fr\/wp-json\/wp\/v2\/types\/page"}],"author":[{"embeddable":true,"href":"https:\/\/www.groupe-isd.fr\/fr\/wp-json\/wp\/v2\/users\/8"}],"replies":[{"embeddable":true,"href":"https:\/\/www.groupe-isd.fr\/fr\/wp-json\/wp\/v2\/comments?post=1238"}],"version-history":[{"count":10,"href":"https:\/\/www.groupe-isd.fr\/fr\/wp-json\/wp\/v2\/pages\/1238\/revisions"}],"predecessor-version":[{"id":5751,"href":"https:\/\/www.groupe-isd.fr\/fr\/wp-json\/wp\/v2\/pages\/1238\/revisions\/5751"}],"wp:attachment":[{"href":"https:\/\/www.groupe-isd.fr\/fr\/wp-json\/wp\/v2\/media?parent=1238"}],"curies":[{"name":"wp","href":"https:\/\/api.w.org\/{rel}","templated":true}]}}